{"id":48745,"date":"2025-07-25T14:52:17","date_gmt":"2025-07-25T12:52:17","guid":{"rendered":"https:\/\/live-act.pl\/kursy\/?post_type=product&#038;p=48745"},"modified":"2026-04-14T13:36:38","modified_gmt":"2026-04-14T11:36:38","slug":"pakiet-miks-mastering-premium","status":"publish","type":"product","link":"https:\/\/live-act.pl\/kursy\/produkt\/pakiet-miks-mastering-premium\/","title":{"rendered":"Pakiet Miks + Mastering &#8211; Premium"},"content":{"rendered":"<p>Kompleksowe szkolenie na temat najwa\u017cniejszych procesor\u00f3w d\u017awi\u0119ku wykorzystywanych na etapie miksu. Dowiesz si\u0119 z niego wszystkie co powiniene\u015b wiedzie\u0107 na temat kompresji, korekcji i pog\u0142os\u00f3w. Nie mo\u017cesz tego przegapi\u0107, je\u017celi chcesz aby twoje nagrania brzmia\u0142y profesjonalnie.<\/p>\n<p>Celem masteringu jest nie tylko zwi\u0119kszenie g\u0142o\u015bno\u015bci nagra\u0144 i dostosowanie do wsp\u00f3\u0142czesnych standard\u00f3w brzmieniowych, ale r\u00f3wnie\u017c poprawienie b\u0142\u0119d\u00f3w miksu, takich jak zbyt du\u017ca ilo\u015b\u0107 basu, za cichy wokal lub mu\u0142 w niskich pasmach. Dobrze wykonany mastering powoduje, \u017ce nagranie\u00a0brzmi r\u00f3wnie dobrze na kom\u00f3rce, laptopie, czy drogim audiofilskim zestawie ods\u0142uchowym. To sprawia, \u017ce s\u0142uchacze czerpi\u0105 przyjemno\u015b\u0107 z obcowania z muzyk\u0105 w ka\u017cdym miejscu.<\/p>\n<p>Ka\u017cde profesjonalne nagranie, kt\u00f3re s\u0142yszysz w radiu lub na p\u0142ycie\u00a0CD, poddawane jest masteringowi.<\/p>\n<p>Je\u017celi zaliczasz si\u0119 do grupy, kt\u00f3ra poszukuje dobrego brzmienia w swoich produkcjach, to ten kurs jest kierowany do Ciebie. Znajdziesz w nim wszystko, co powiniene\u015b wiedzie\u0107 o masteringu.<\/p>\n","protected":false},"excerpt":{"rendered":"<p>Kompleksowe szkolenie na temat najwa\u017cniejszych procesor\u00f3w d\u017awi\u0119ku wykorzystywanych na etapie miksu. Dowiesz si\u0119 z niego wszystkie co powiniene\u015b wiedzie\u0107 na &hellip;<\/p>\n","protected":false},"featured_media":48704,"comment_status":"open","ping_status":"closed","template":"","meta":{"_monsterinsights_skip_tracking":false,"_monsterinsights_sitenote_active":false,"_monsterinsights_sitenote_note":"","_monsterinsights_sitenote_category":0,"_vibebp_attr":"","_vibebp_dimensions":"","_vibebp_responsive_height":"","_vibebp_accordion_ie_support":""},"product_cat":[],"product_tag":[],"yoast_head":"<!-- This site is optimized with the Yoast SEO plugin v18.3 - https:\/\/yoast.com\/wordpress\/plugins\/seo\/ -->\n<title>Pakiet Miks + Mastering - Premium - LiveAct - Idealne Kursy Wideo<\/title>\n<meta name=\"robots\" content=\"index, follow, max-snippet:-1, max-image-preview:large, max-video-preview:-1\" \/>\n<link rel=\"canonical\" href=\"https:\/\/live-act.pl\/kursy\/produkt\/pakiet-miks-mastering-premium\/\" \/>\n<meta property=\"og:locale\" content=\"pl_PL\" \/>\n<meta property=\"og:type\" content=\"article\" \/>\n<meta property=\"og:title\" content=\"Pakiet Miks + Mastering - Premium - LiveAct - Idealne Kursy Wideo\" \/>\n<meta property=\"og:description\" content=\"Kompleksowe szkolenie na temat najwa\u017cniejszych procesor\u00f3w d\u017awi\u0119ku wykorzystywanych na etapie miksu. Dowiesz si\u0119 z niego wszystkie co powiniene\u015b wiedzie\u0107 na &hellip;\" \/>\n<meta property=\"og:url\" content=\"https:\/\/live-act.pl\/kursy\/produkt\/pakiet-miks-mastering-premium\/\" \/>\n<meta property=\"og:site_name\" content=\"LiveAct - Idealne Kursy Wideo\" \/>\n<meta property=\"article:publisher\" content=\"https:\/\/www.facebook.com\/LiveActpl\/\" \/>\n<meta property=\"article:modified_time\" content=\"2026-04-14T11:36:38+00:00\" \/>\n<meta property=\"og:image\" content=\"http:\/\/live-act.pl\/kursy\/files\/2025\/07\/pakiet-miksmaster1.png\" \/>\n\t<meta property=\"og:image:width\" content=\"900\" \/>\n\t<meta property=\"og:image:height\" content=\"1000\" \/>\n\t<meta property=\"og:image:type\" content=\"image\/png\" \/>\n<meta name=\"twitter:label1\" content=\"Szacowany czas czytania\" \/>\n\t<meta name=\"twitter:data1\" content=\"1 minuta\" \/>\n<script type=\"application\/ld+json\" class=\"yoast-schema-graph\">{\"@context\":\"https:\/\/schema.org\",\"@graph\":[{\"@type\":\"WebSite\",\"@id\":\"https:\/\/live-act.pl\/kursy\/#website\",\"url\":\"https:\/\/live-act.pl\/kursy\/\",\"name\":\"LiveAct - Idealne Kursy Wideo\",\"description\":\"LiveAct - Produkcja Muzyki, Kursy Ableton\",\"potentialAction\":[{\"@type\":\"SearchAction\",\"target\":{\"@type\":\"EntryPoint\",\"urlTemplate\":\"https:\/\/live-act.pl\/kursy\/?s={search_term_string}\"},\"query-input\":\"required name=search_term_string\"}],\"inLanguage\":\"pl-PL\"},{\"@type\":\"ImageObject\",\"@id\":\"https:\/\/live-act.pl\/kursy\/produkt\/pakiet-miks-mastering-premium\/#primaryimage\",\"inLanguage\":\"pl-PL\",\"url\":\"https:\/\/live-act.pl\/kursy\/files\/2025\/07\/pakiet-miksmaster1.png\",\"contentUrl\":\"https:\/\/live-act.pl\/kursy\/files\/2025\/07\/pakiet-miksmaster1.png\",\"width\":900,\"height\":1000},{\"@type\":\"WebPage\",\"@id\":\"https:\/\/live-act.pl\/kursy\/produkt\/pakiet-miks-mastering-premium\/#webpage\",\"url\":\"https:\/\/live-act.pl\/kursy\/produkt\/pakiet-miks-mastering-premium\/\",\"name\":\"Pakiet Miks + Mastering - Premium - LiveAct - Idealne Kursy Wideo\",\"isPartOf\":{\"@id\":\"https:\/\/live-act.pl\/kursy\/#website\"},\"primaryImageOfPage\":{\"@id\":\"https:\/\/live-act.pl\/kursy\/produkt\/pakiet-miks-mastering-premium\/#primaryimage\"},\"datePublished\":\"2025-07-25T12:52:17+00:00\",\"dateModified\":\"2026-04-14T11:36:38+00:00\",\"breadcrumb\":{\"@id\":\"https:\/\/live-act.pl\/kursy\/produkt\/pakiet-miks-mastering-premium\/#breadcrumb\"},\"inLanguage\":\"pl-PL\",\"potentialAction\":[{\"@type\":\"ReadAction\",\"target\":[\"https:\/\/live-act.pl\/kursy\/produkt\/pakiet-miks-mastering-premium\/\"]}]},{\"@type\":\"BreadcrumbList\",\"@id\":\"https:\/\/live-act.pl\/kursy\/produkt\/pakiet-miks-mastering-premium\/#breadcrumb\",\"itemListElement\":[{\"@type\":\"ListItem\",\"position\":1,\"name\":\"\"},{\"@type\":\"ListItem\",\"position\":2,\"name\":\"Pakiet Miks + Mastering &#8211; Premium\"}]}]}<\/script>\n<!-- \/ Yoast SEO plugin. -->","yoast_head_json":{"title":"Pakiet Miks + Mastering - Premium - LiveAct - Idealne Kursy Wideo","robots":{"index":"index","follow":"follow","max-snippet":"max-snippet:-1","max-image-preview":"max-image-preview:large","max-video-preview":"max-video-preview:-1"},"canonical":"https:\/\/live-act.pl\/kursy\/produkt\/pakiet-miks-mastering-premium\/","og_locale":"pl_PL","og_type":"article","og_title":"Pakiet Miks + Mastering - Premium - LiveAct - Idealne Kursy Wideo","og_description":"Kompleksowe szkolenie na temat najwa\u017cniejszych procesor\u00f3w d\u017awi\u0119ku wykorzystywanych na etapie miksu. Dowiesz si\u0119 z niego wszystkie co powiniene\u015b wiedzie\u0107 na &hellip;","og_url":"https:\/\/live-act.pl\/kursy\/produkt\/pakiet-miks-mastering-premium\/","og_site_name":"LiveAct - Idealne Kursy Wideo","article_publisher":"https:\/\/www.facebook.com\/LiveActpl\/","article_modified_time":"2026-04-14T11:36:38+00:00","og_image":[{"width":900,"height":1000,"url":"http:\/\/live-act.pl\/kursy\/files\/2025\/07\/pakiet-miksmaster1.png","type":"image\/png"}],"twitter_misc":{"Szacowany czas czytania":"1 minuta"},"schema":{"@context":"https:\/\/schema.org","@graph":[{"@type":"WebSite","@id":"https:\/\/live-act.pl\/kursy\/#website","url":"https:\/\/live-act.pl\/kursy\/","name":"LiveAct - Idealne Kursy Wideo","description":"LiveAct - Produkcja Muzyki, Kursy Ableton","potentialAction":[{"@type":"SearchAction","target":{"@type":"EntryPoint","urlTemplate":"https:\/\/live-act.pl\/kursy\/?s={search_term_string}"},"query-input":"required name=search_term_string"}],"inLanguage":"pl-PL"},{"@type":"ImageObject","@id":"https:\/\/live-act.pl\/kursy\/produkt\/pakiet-miks-mastering-premium\/#primaryimage","inLanguage":"pl-PL","url":"https:\/\/live-act.pl\/kursy\/files\/2025\/07\/pakiet-miksmaster1.png","contentUrl":"https:\/\/live-act.pl\/kursy\/files\/2025\/07\/pakiet-miksmaster1.png","width":900,"height":1000},{"@type":"WebPage","@id":"https:\/\/live-act.pl\/kursy\/produkt\/pakiet-miks-mastering-premium\/#webpage","url":"https:\/\/live-act.pl\/kursy\/produkt\/pakiet-miks-mastering-premium\/","name":"Pakiet Miks + Mastering - Premium - LiveAct - Idealne Kursy Wideo","isPartOf":{"@id":"https:\/\/live-act.pl\/kursy\/#website"},"primaryImageOfPage":{"@id":"https:\/\/live-act.pl\/kursy\/produkt\/pakiet-miks-mastering-premium\/#primaryimage"},"datePublished":"2025-07-25T12:52:17+00:00","dateModified":"2026-04-14T11:36:38+00:00","breadcrumb":{"@id":"https:\/\/live-act.pl\/kursy\/produkt\/pakiet-miks-mastering-premium\/#breadcrumb"},"inLanguage":"pl-PL","potentialAction":[{"@type":"ReadAction","target":["https:\/\/live-act.pl\/kursy\/produkt\/pakiet-miks-mastering-premium\/"]}]},{"@type":"BreadcrumbList","@id":"https:\/\/live-act.pl\/kursy\/produkt\/pakiet-miks-mastering-premium\/#breadcrumb","itemListElement":[{"@type":"ListItem","position":1,"name":""},{"@type":"ListItem","position":2,"name":"Pakiet Miks + Mastering &#8211; Premium"}]}]}},"_links":{"self":[{"href":"https:\/\/live-act.pl\/kursy\/wp-json\/wp\/v2\/product\/48745"}],"collection":[{"href":"https:\/\/live-act.pl\/kursy\/wp-json\/wp\/v2\/product"}],"about":[{"href":"https:\/\/live-act.pl\/kursy\/wp-json\/wp\/v2\/types\/product"}],"replies":[{"embeddable":true,"href":"https:\/\/live-act.pl\/kursy\/wp-json\/wp\/v2\/comments?post=48745"}],"wp:featuredmedia":[{"embeddable":true,"href":"https:\/\/live-act.pl\/kursy\/wp-json\/wp\/v2\/media\/48704"}],"wp:attachment":[{"href":"https:\/\/live-act.pl\/kursy\/wp-json\/wp\/v2\/media?parent=48745"}],"wp:term":[{"taxonomy":"product_cat","embeddable":true,"href":"https:\/\/live-act.pl\/kursy\/wp-json\/wp\/v2\/product_cat?post=48745"},{"taxonomy":"product_tag","embeddable":true,"href":"https:\/\/live-act.pl\/kursy\/wp-json\/wp\/v2\/product_tag?post=48745"}],"curies":[{"name":"wp","href":"https:\/\/api.w.org\/{rel}","templated":true}]}}