{"id":36392,"date":"2021-12-09T20:38:43","date_gmt":"2021-12-09T19:38:43","guid":{"rendered":"https:\/\/live-act.pl\/kursy\/?post_type=product&#038;p=36392"},"modified":"2026-03-31T18:59:44","modified_gmt":"2026-03-31T16:59:44","slug":"audiobook-po-prostu-tworz","status":"publish","type":"product","link":"https:\/\/live-act.pl\/kursy\/produkt\/audiobook-po-prostu-tworz\/","title":{"rendered":"Audiobook Po Prostu Tw\u00f3rz"},"content":{"rendered":"<p>Audiobook ksi\u0105\u017cki &#8220;Po Prostu Tw\u00f3rz&#8221;, z kt\u00f3rego dowiesz si\u0119, jak odblokowa\u0107 si\u0119 tw\u00f3rczo, by\u0107 bardziej kreatywnym, jak ko\u0144czy\u0107 wi\u0119cej piosenek i dlaczego strach powstrzymuje ci\u0119 przed byciem artyst\u0105.<\/p>\n<h2 data-css=\"tve-u-17d00669647\">co zawiera audiobook?<\/h2>\n<p>1. D\u0142ugo\u015b\u0107: 4h 55min<\/p>\n<p>2. 20 \u0107wicze\u0144<\/p>\n<p>3. 6 Rozdzia\u0142\u00f3w o pokonywaniu problem\u00f3w tw\u00f3rczych<\/p>\n<p>4. Format MP3<\/p>\n<h2><b>czego si\u0119 nauczysz:<\/b><\/h2>\n<p>1. Jak pokona\u0107 blokad\u0119 tw\u00f3rcz\u0105 i tworzy\u0107 wi\u0119cej muzyki<\/p>\n<p>2. Dowiesz si\u0119, co ci\u0119 r\u00f3\u017cni od artyst\u00f3w, kt\u00f3rzy odnie\u015bli sukces<\/p>\n<p>3. Przekonasz si\u0119, jak rozpraszanie uwagi wp\u0142ywa na twoj\u0105 tw\u00f3rczo\u015b\u0107 i jak radzi\u0107 sobie z rozpraszaczami<\/p>\n<p>4. Dlaczego sprz\u0119t i wtyczki nie s\u0105 najwa\u017cniejsze<\/p>\n<p>5. Dlaczego nie rozwijasz si\u0119 tw\u00f3rczo, a twoje dzie\u0142a nie podobaj\u0105 si\u0119 nawet tobie. Dowiesz si\u0119, jak to zmieni\u0107<\/p>\n<p>6. Poznasz nawyki kreatywnego i poszukuj\u0105cego artysty<\/p>\n<p>7. Dowiesz si\u0119, jak rozwin\u0105\u0107 swoj\u0105 st\u0142amszon\u0105 kreatywno\u015b\u0107<\/p>\n<p>8. Jak skutecznie przyjmowa\u0107 krytyk\u0119 i przesta\u0107 si\u0119 jej ba\u0107<\/p>\n<p>9. Jak uwierzy\u0107 w swoj\u0105 tw\u00f3rczo\u015b\u0107 i rozwin\u0105\u0107 talent<\/p>\n","protected":false},"excerpt":{"rendered":"<p>Audiobook ksi\u0105\u017cki &#8220;Po Prostu Tw\u00f3rz&#8221;, z kt\u00f3rego dowiesz si\u0119, jak odblokowa\u0107 si\u0119 tw\u00f3rczo, by\u0107 bardziej kreatywnym, jak ko\u0144czy\u0107 wi\u0119cej piosenek &hellip;<\/p>\n","protected":false},"featured_media":36517,"comment_status":"open","ping_status":"closed","template":"","meta":{"_monsterinsights_skip_tracking":false,"_monsterinsights_sitenote_active":false,"_monsterinsights_sitenote_note":"","_monsterinsights_sitenote_category":0,"_vibebp_attr":"","_vibebp_dimensions":"","_vibebp_responsive_height":"","_vibebp_accordion_ie_support":""},"product_cat":[284],"product_tag":[],"yoast_head":"<!-- This site is optimized with the Yoast SEO plugin v18.3 - https:\/\/yoast.com\/wordpress\/plugins\/seo\/ -->\n<title>Audiobook Po Prostu Tw\u00f3rz - LiveAct - Idealne Kursy Wideo<\/title>\n<meta name=\"description\" content=\"Audiobook ksi\u0105\u017cki &quot;Po Prostu Tw\u00f3rz&quot;, z kt\u00f3rego dowiesz si\u0119, jak odblokowa\u0107 si\u0119 tw\u00f3rczo, by\u0107 bardziej kreatywnym i jak ko\u0144czy\u0107 wi\u0119cej piosenek.\" \/>\n<meta name=\"robots\" content=\"index, follow, max-snippet:-1, max-image-preview:large, max-video-preview:-1\" \/>\n<link rel=\"canonical\" href=\"https:\/\/live-act.pl\/kursy\/produkt\/audiobook-po-prostu-tworz\/\" \/>\n<meta property=\"og:locale\" content=\"pl_PL\" \/>\n<meta property=\"og:type\" content=\"article\" \/>\n<meta property=\"og:title\" content=\"Audiobook Po Prostu Tw\u00f3rz - LiveAct - Idealne Kursy Wideo\" \/>\n<meta property=\"og:description\" content=\"Audiobook ksi\u0105\u017cki &quot;Po Prostu Tw\u00f3rz&quot;, z kt\u00f3rego dowiesz si\u0119, jak odblokowa\u0107 si\u0119 tw\u00f3rczo, by\u0107 bardziej kreatywnym i jak ko\u0144czy\u0107 wi\u0119cej piosenek.\" \/>\n<meta property=\"og:url\" content=\"https:\/\/live-act.pl\/kursy\/produkt\/audiobook-po-prostu-tworz\/\" \/>\n<meta property=\"og:site_name\" content=\"LiveAct - Idealne Kursy Wideo\" \/>\n<meta property=\"article:publisher\" content=\"https:\/\/www.facebook.com\/LiveActpl\/\" \/>\n<meta property=\"article:modified_time\" content=\"2026-03-31T16:59:44+00:00\" \/>\n<meta property=\"og:image\" content=\"http:\/\/live-act.pl\/kursy\/files\/2021\/12\/audio.png\" \/>\n\t<meta property=\"og:image:width\" content=\"783\" \/>\n\t<meta property=\"og:image:height\" content=\"1128\" \/>\n\t<meta property=\"og:image:type\" content=\"image\/png\" \/>\n<meta name=\"twitter:label1\" content=\"Szacowany czas czytania\" \/>\n\t<meta name=\"twitter:data1\" content=\"1 minuta\" \/>\n<script type=\"application\/ld+json\" class=\"yoast-schema-graph\">{\"@context\":\"https:\/\/schema.org\",\"@graph\":[{\"@type\":\"WebSite\",\"@id\":\"https:\/\/live-act.pl\/kursy\/#website\",\"url\":\"https:\/\/live-act.pl\/kursy\/\",\"name\":\"LiveAct - Idealne Kursy Wideo\",\"description\":\"LiveAct - Produkcja Muzyki, Kursy Ableton\",\"potentialAction\":[{\"@type\":\"SearchAction\",\"target\":{\"@type\":\"EntryPoint\",\"urlTemplate\":\"https:\/\/live-act.pl\/kursy\/?s={search_term_string}\"},\"query-input\":\"required name=search_term_string\"}],\"inLanguage\":\"pl-PL\"},{\"@type\":\"ImageObject\",\"@id\":\"https:\/\/live-act.pl\/kursy\/produkt\/audiobook-po-prostu-tworz\/#primaryimage\",\"inLanguage\":\"pl-PL\",\"url\":\"https:\/\/live-act.pl\/kursy\/files\/2021\/12\/audio.png\",\"contentUrl\":\"https:\/\/live-act.pl\/kursy\/files\/2021\/12\/audio.png\",\"width\":783,\"height\":1128},{\"@type\":\"WebPage\",\"@id\":\"https:\/\/live-act.pl\/kursy\/produkt\/audiobook-po-prostu-tworz\/#webpage\",\"url\":\"https:\/\/live-act.pl\/kursy\/produkt\/audiobook-po-prostu-tworz\/\",\"name\":\"Audiobook Po Prostu Tw\u00f3rz - LiveAct - Idealne Kursy Wideo\",\"isPartOf\":{\"@id\":\"https:\/\/live-act.pl\/kursy\/#website\"},\"primaryImageOfPage\":{\"@id\":\"https:\/\/live-act.pl\/kursy\/produkt\/audiobook-po-prostu-tworz\/#primaryimage\"},\"datePublished\":\"2021-12-09T19:38:43+00:00\",\"dateModified\":\"2026-03-31T16:59:44+00:00\",\"description\":\"Audiobook ksi\u0105\u017cki \\\"Po Prostu Tw\u00f3rz\\\", z kt\u00f3rego dowiesz si\u0119, jak odblokowa\u0107 si\u0119 tw\u00f3rczo, by\u0107 bardziej kreatywnym i jak ko\u0144czy\u0107 wi\u0119cej piosenek.\",\"breadcrumb\":{\"@id\":\"https:\/\/live-act.pl\/kursy\/produkt\/audiobook-po-prostu-tworz\/#breadcrumb\"},\"inLanguage\":\"pl-PL\",\"potentialAction\":[{\"@type\":\"ReadAction\",\"target\":[\"https:\/\/live-act.pl\/kursy\/produkt\/audiobook-po-prostu-tworz\/\"]}]},{\"@type\":\"BreadcrumbList\",\"@id\":\"https:\/\/live-act.pl\/kursy\/produkt\/audiobook-po-prostu-tworz\/#breadcrumb\",\"itemListElement\":[{\"@type\":\"ListItem\",\"position\":1,\"name\":\"\"},{\"@type\":\"ListItem\",\"position\":2,\"name\":\"Audiobook Po Prostu Tw\u00f3rz\"}]}]}<\/script>\n<!-- \/ Yoast SEO plugin. -->","yoast_head_json":{"title":"Audiobook Po Prostu Tw\u00f3rz - LiveAct - Idealne Kursy Wideo","description":"Audiobook ksi\u0105\u017cki \"Po Prostu Tw\u00f3rz\", z kt\u00f3rego dowiesz si\u0119, jak odblokowa\u0107 si\u0119 tw\u00f3rczo, by\u0107 bardziej kreatywnym i jak ko\u0144czy\u0107 wi\u0119cej piosenek.","robots":{"index":"index","follow":"follow","max-snippet":"max-snippet:-1","max-image-preview":"max-image-preview:large","max-video-preview":"max-video-preview:-1"},"canonical":"https:\/\/live-act.pl\/kursy\/produkt\/audiobook-po-prostu-tworz\/","og_locale":"pl_PL","og_type":"article","og_title":"Audiobook Po Prostu Tw\u00f3rz - LiveAct - Idealne Kursy Wideo","og_description":"Audiobook ksi\u0105\u017cki \"Po Prostu Tw\u00f3rz\", z kt\u00f3rego dowiesz si\u0119, jak odblokowa\u0107 si\u0119 tw\u00f3rczo, by\u0107 bardziej kreatywnym i jak ko\u0144czy\u0107 wi\u0119cej piosenek.","og_url":"https:\/\/live-act.pl\/kursy\/produkt\/audiobook-po-prostu-tworz\/","og_site_name":"LiveAct - Idealne Kursy Wideo","article_publisher":"https:\/\/www.facebook.com\/LiveActpl\/","article_modified_time":"2026-03-31T16:59:44+00:00","og_image":[{"width":783,"height":1128,"url":"http:\/\/live-act.pl\/kursy\/files\/2021\/12\/audio.png","type":"image\/png"}],"twitter_misc":{"Szacowany czas czytania":"1 minuta"},"schema":{"@context":"https:\/\/schema.org","@graph":[{"@type":"WebSite","@id":"https:\/\/live-act.pl\/kursy\/#website","url":"https:\/\/live-act.pl\/kursy\/","name":"LiveAct - Idealne Kursy Wideo","description":"LiveAct - Produkcja Muzyki, Kursy Ableton","potentialAction":[{"@type":"SearchAction","target":{"@type":"EntryPoint","urlTemplate":"https:\/\/live-act.pl\/kursy\/?s={search_term_string}"},"query-input":"required name=search_term_string"}],"inLanguage":"pl-PL"},{"@type":"ImageObject","@id":"https:\/\/live-act.pl\/kursy\/produkt\/audiobook-po-prostu-tworz\/#primaryimage","inLanguage":"pl-PL","url":"https:\/\/live-act.pl\/kursy\/files\/2021\/12\/audio.png","contentUrl":"https:\/\/live-act.pl\/kursy\/files\/2021\/12\/audio.png","width":783,"height":1128},{"@type":"WebPage","@id":"https:\/\/live-act.pl\/kursy\/produkt\/audiobook-po-prostu-tworz\/#webpage","url":"https:\/\/live-act.pl\/kursy\/produkt\/audiobook-po-prostu-tworz\/","name":"Audiobook Po Prostu Tw\u00f3rz - LiveAct - Idealne Kursy Wideo","isPartOf":{"@id":"https:\/\/live-act.pl\/kursy\/#website"},"primaryImageOfPage":{"@id":"https:\/\/live-act.pl\/kursy\/produkt\/audiobook-po-prostu-tworz\/#primaryimage"},"datePublished":"2021-12-09T19:38:43+00:00","dateModified":"2026-03-31T16:59:44+00:00","description":"Audiobook ksi\u0105\u017cki \"Po Prostu Tw\u00f3rz\", z kt\u00f3rego dowiesz si\u0119, jak odblokowa\u0107 si\u0119 tw\u00f3rczo, by\u0107 bardziej kreatywnym i jak ko\u0144czy\u0107 wi\u0119cej piosenek.","breadcrumb":{"@id":"https:\/\/live-act.pl\/kursy\/produkt\/audiobook-po-prostu-tworz\/#breadcrumb"},"inLanguage":"pl-PL","potentialAction":[{"@type":"ReadAction","target":["https:\/\/live-act.pl\/kursy\/produkt\/audiobook-po-prostu-tworz\/"]}]},{"@type":"BreadcrumbList","@id":"https:\/\/live-act.pl\/kursy\/produkt\/audiobook-po-prostu-tworz\/#breadcrumb","itemListElement":[{"@type":"ListItem","position":1,"name":""},{"@type":"ListItem","position":2,"name":"Audiobook Po Prostu Tw\u00f3rz"}]}]}},"_links":{"self":[{"href":"https:\/\/live-act.pl\/kursy\/wp-json\/wp\/v2\/product\/36392"}],"collection":[{"href":"https:\/\/live-act.pl\/kursy\/wp-json\/wp\/v2\/product"}],"about":[{"href":"https:\/\/live-act.pl\/kursy\/wp-json\/wp\/v2\/types\/product"}],"replies":[{"embeddable":true,"href":"https:\/\/live-act.pl\/kursy\/wp-json\/wp\/v2\/comments?post=36392"}],"wp:featuredmedia":[{"embeddable":true,"href":"https:\/\/live-act.pl\/kursy\/wp-json\/wp\/v2\/media\/36517"}],"wp:attachment":[{"href":"https:\/\/live-act.pl\/kursy\/wp-json\/wp\/v2\/media?parent=36392"}],"wp:term":[{"taxonomy":"product_cat","embeddable":true,"href":"https:\/\/live-act.pl\/kursy\/wp-json\/wp\/v2\/product_cat?post=36392"},{"taxonomy":"product_tag","embeddable":true,"href":"https:\/\/live-act.pl\/kursy\/wp-json\/wp\/v2\/product_tag?post=36392"}],"curies":[{"name":"wp","href":"https:\/\/api.w.org\/{rel}","templated":true}]}}