{"id":35903,"date":"2021-11-16T15:54:39","date_gmt":"2021-11-16T14:54:39","guid":{"rendered":"https:\/\/live-act.pl\/kursy\/?post_type=product&#038;p=35903"},"modified":"2026-03-31T18:59:57","modified_gmt":"2026-03-31T16:59:57","slug":"po-prostu-tworz-kurs","status":"publish","type":"product","link":"https:\/\/live-act.pl\/kursy\/produkt\/po-prostu-tworz-kurs\/","title":{"rendered":"Po Prostu Tw\u00f3rz + Kurs"},"content":{"rendered":"<p>Ksi\u0105\u017cka, z kt\u00f3rej dowiesz si\u0119, jak odblokowa\u0107 si\u0119 tw\u00f3rczo, by\u0107 bardziej kreatywnym, jak ko\u0144czy\u0107 wi\u0119cej piosenek i dlaczego strach powstrzymuje ci\u0119 przed byciem artyst\u0105. W pakiecie e-book, audiobook, sample i kurs.<\/p>\n","protected":false},"excerpt":{"rendered":"<p>Ksi\u0105\u017cka, z kt\u00f3rej dowiesz si\u0119, jak odblokowa\u0107 si\u0119 tw\u00f3rczo, by\u0107 bardziej kreatywnym, jak ko\u0144czy\u0107 wi\u0119cej piosenek i dlaczego strach powstrzymuje &hellip;<\/p>\n","protected":false},"featured_media":35904,"comment_status":"open","ping_status":"closed","template":"","meta":{"_monsterinsights_skip_tracking":false,"_monsterinsights_sitenote_active":false,"_monsterinsights_sitenote_note":"","_monsterinsights_sitenote_category":0,"_vibebp_attr":"","_vibebp_dimensions":"","_vibebp_responsive_height":"","_vibebp_accordion_ie_support":""},"product_cat":[],"product_tag":[],"yoast_head":"<!-- This site is optimized with the Yoast SEO plugin v18.3 - https:\/\/yoast.com\/wordpress\/plugins\/seo\/ -->\n<title>Po Prostu Tw\u00f3rz + Kurs - LiveAct - Idealne Kursy Wideo<\/title>\n<meta name=\"description\" content=\"Ksi\u0105\u017cka, z kt\u00f3rej dowiesz si\u0119, jak odblokowa\u0107 si\u0119 tw\u00f3rczo, by\u0107 bardziej kreatywnym, jak ko\u0144czy\u0107 wi\u0119cej piosenek i dlaczego strach powstrzymuje ci\u0119 przed byciem artyst\u0105. W pakiecie e-book, audiobook, sample i kurs.\" \/>\n<meta name=\"robots\" content=\"index, follow, max-snippet:-1, max-image-preview:large, max-video-preview:-1\" \/>\n<link rel=\"canonical\" href=\"https:\/\/live-act.pl\/kursy\/produkt\/po-prostu-tworz-kurs\/\" \/>\n<meta property=\"og:locale\" content=\"pl_PL\" \/>\n<meta property=\"og:type\" content=\"article\" \/>\n<meta property=\"og:title\" content=\"Po Prostu Tw\u00f3rz + Kurs - LiveAct - Idealne Kursy Wideo\" \/>\n<meta property=\"og:description\" content=\"Ksi\u0105\u017cka, z kt\u00f3rej dowiesz si\u0119, jak odblokowa\u0107 si\u0119 tw\u00f3rczo, by\u0107 bardziej kreatywnym, jak ko\u0144czy\u0107 wi\u0119cej piosenek i dlaczego strach powstrzymuje ci\u0119 przed byciem artyst\u0105. W pakiecie e-book, audiobook, sample i kurs.\" \/>\n<meta property=\"og:url\" content=\"https:\/\/live-act.pl\/kursy\/produkt\/po-prostu-tworz-kurs\/\" \/>\n<meta property=\"og:site_name\" content=\"LiveAct - Idealne Kursy Wideo\" \/>\n<meta property=\"article:publisher\" content=\"https:\/\/www.facebook.com\/LiveActpl\/\" \/>\n<meta property=\"article:modified_time\" content=\"2026-03-31T16:59:57+00:00\" \/>\n<meta property=\"og:image\" content=\"http:\/\/live-act.pl\/kursy\/files\/2021\/11\/PO-PROSTU-TWORZ.jpg\" \/>\n\t<meta property=\"og:image:width\" content=\"1000\" \/>\n\t<meta property=\"og:image:height\" content=\"1419\" \/>\n\t<meta property=\"og:image:type\" content=\"image\/jpeg\" \/>\n<meta name=\"twitter:label1\" content=\"Szacowany czas czytania\" \/>\n\t<meta name=\"twitter:data1\" content=\"1 minuta\" \/>\n<script type=\"application\/ld+json\" class=\"yoast-schema-graph\">{\"@context\":\"https:\/\/schema.org\",\"@graph\":[{\"@type\":\"WebSite\",\"@id\":\"https:\/\/live-act.pl\/kursy\/#website\",\"url\":\"https:\/\/live-act.pl\/kursy\/\",\"name\":\"LiveAct - Idealne Kursy Wideo\",\"description\":\"LiveAct - Produkcja Muzyki, Kursy Ableton\",\"potentialAction\":[{\"@type\":\"SearchAction\",\"target\":{\"@type\":\"EntryPoint\",\"urlTemplate\":\"https:\/\/live-act.pl\/kursy\/?s={search_term_string}\"},\"query-input\":\"required name=search_term_string\"}],\"inLanguage\":\"pl-PL\"},{\"@type\":\"ImageObject\",\"@id\":\"https:\/\/live-act.pl\/kursy\/produkt\/po-prostu-tworz-kurs\/#primaryimage\",\"inLanguage\":\"pl-PL\",\"url\":\"https:\/\/live-act.pl\/kursy\/files\/2021\/11\/PO-PROSTU-TWORZ.jpg\",\"contentUrl\":\"https:\/\/live-act.pl\/kursy\/files\/2021\/11\/PO-PROSTU-TWORZ.jpg\",\"width\":1000,\"height\":1419},{\"@type\":\"WebPage\",\"@id\":\"https:\/\/live-act.pl\/kursy\/produkt\/po-prostu-tworz-kurs\/#webpage\",\"url\":\"https:\/\/live-act.pl\/kursy\/produkt\/po-prostu-tworz-kurs\/\",\"name\":\"Po Prostu Tw\u00f3rz + Kurs - LiveAct - Idealne Kursy Wideo\",\"isPartOf\":{\"@id\":\"https:\/\/live-act.pl\/kursy\/#website\"},\"primaryImageOfPage\":{\"@id\":\"https:\/\/live-act.pl\/kursy\/produkt\/po-prostu-tworz-kurs\/#primaryimage\"},\"datePublished\":\"2021-11-16T14:54:39+00:00\",\"dateModified\":\"2026-03-31T16:59:57+00:00\",\"description\":\"Ksi\u0105\u017cka, z kt\u00f3rej dowiesz si\u0119, jak odblokowa\u0107 si\u0119 tw\u00f3rczo, by\u0107 bardziej kreatywnym, jak ko\u0144czy\u0107 wi\u0119cej piosenek i dlaczego strach powstrzymuje ci\u0119 przed byciem artyst\u0105. W pakiecie e-book, audiobook, sample i kurs.\",\"breadcrumb\":{\"@id\":\"https:\/\/live-act.pl\/kursy\/produkt\/po-prostu-tworz-kurs\/#breadcrumb\"},\"inLanguage\":\"pl-PL\",\"potentialAction\":[{\"@type\":\"ReadAction\",\"target\":[\"https:\/\/live-act.pl\/kursy\/produkt\/po-prostu-tworz-kurs\/\"]}]},{\"@type\":\"BreadcrumbList\",\"@id\":\"https:\/\/live-act.pl\/kursy\/produkt\/po-prostu-tworz-kurs\/#breadcrumb\",\"itemListElement\":[{\"@type\":\"ListItem\",\"position\":1,\"name\":\"\"},{\"@type\":\"ListItem\",\"position\":2,\"name\":\"Po Prostu Tw\u00f3rz + Kurs\"}]}]}<\/script>\n<!-- \/ Yoast SEO plugin. -->","yoast_head_json":{"title":"Po Prostu Tw\u00f3rz + Kurs - LiveAct - Idealne Kursy Wideo","description":"Ksi\u0105\u017cka, z kt\u00f3rej dowiesz si\u0119, jak odblokowa\u0107 si\u0119 tw\u00f3rczo, by\u0107 bardziej kreatywnym, jak ko\u0144czy\u0107 wi\u0119cej piosenek i dlaczego strach powstrzymuje ci\u0119 przed byciem artyst\u0105. W pakiecie e-book, audiobook, sample i kurs.","robots":{"index":"index","follow":"follow","max-snippet":"max-snippet:-1","max-image-preview":"max-image-preview:large","max-video-preview":"max-video-preview:-1"},"canonical":"https:\/\/live-act.pl\/kursy\/produkt\/po-prostu-tworz-kurs\/","og_locale":"pl_PL","og_type":"article","og_title":"Po Prostu Tw\u00f3rz + Kurs - LiveAct - Idealne Kursy Wideo","og_description":"Ksi\u0105\u017cka, z kt\u00f3rej dowiesz si\u0119, jak odblokowa\u0107 si\u0119 tw\u00f3rczo, by\u0107 bardziej kreatywnym, jak ko\u0144czy\u0107 wi\u0119cej piosenek i dlaczego strach powstrzymuje ci\u0119 przed byciem artyst\u0105. W pakiecie e-book, audiobook, sample i kurs.","og_url":"https:\/\/live-act.pl\/kursy\/produkt\/po-prostu-tworz-kurs\/","og_site_name":"LiveAct - Idealne Kursy Wideo","article_publisher":"https:\/\/www.facebook.com\/LiveActpl\/","article_modified_time":"2026-03-31T16:59:57+00:00","og_image":[{"width":1000,"height":1419,"url":"http:\/\/live-act.pl\/kursy\/files\/2021\/11\/PO-PROSTU-TWORZ.jpg","type":"image\/jpeg"}],"twitter_misc":{"Szacowany czas czytania":"1 minuta"},"schema":{"@context":"https:\/\/schema.org","@graph":[{"@type":"WebSite","@id":"https:\/\/live-act.pl\/kursy\/#website","url":"https:\/\/live-act.pl\/kursy\/","name":"LiveAct - Idealne Kursy Wideo","description":"LiveAct - Produkcja Muzyki, Kursy Ableton","potentialAction":[{"@type":"SearchAction","target":{"@type":"EntryPoint","urlTemplate":"https:\/\/live-act.pl\/kursy\/?s={search_term_string}"},"query-input":"required name=search_term_string"}],"inLanguage":"pl-PL"},{"@type":"ImageObject","@id":"https:\/\/live-act.pl\/kursy\/produkt\/po-prostu-tworz-kurs\/#primaryimage","inLanguage":"pl-PL","url":"https:\/\/live-act.pl\/kursy\/files\/2021\/11\/PO-PROSTU-TWORZ.jpg","contentUrl":"https:\/\/live-act.pl\/kursy\/files\/2021\/11\/PO-PROSTU-TWORZ.jpg","width":1000,"height":1419},{"@type":"WebPage","@id":"https:\/\/live-act.pl\/kursy\/produkt\/po-prostu-tworz-kurs\/#webpage","url":"https:\/\/live-act.pl\/kursy\/produkt\/po-prostu-tworz-kurs\/","name":"Po Prostu Tw\u00f3rz + Kurs - LiveAct - Idealne Kursy Wideo","isPartOf":{"@id":"https:\/\/live-act.pl\/kursy\/#website"},"primaryImageOfPage":{"@id":"https:\/\/live-act.pl\/kursy\/produkt\/po-prostu-tworz-kurs\/#primaryimage"},"datePublished":"2021-11-16T14:54:39+00:00","dateModified":"2026-03-31T16:59:57+00:00","description":"Ksi\u0105\u017cka, z kt\u00f3rej dowiesz si\u0119, jak odblokowa\u0107 si\u0119 tw\u00f3rczo, by\u0107 bardziej kreatywnym, jak ko\u0144czy\u0107 wi\u0119cej piosenek i dlaczego strach powstrzymuje ci\u0119 przed byciem artyst\u0105. W pakiecie e-book, audiobook, sample i kurs.","breadcrumb":{"@id":"https:\/\/live-act.pl\/kursy\/produkt\/po-prostu-tworz-kurs\/#breadcrumb"},"inLanguage":"pl-PL","potentialAction":[{"@type":"ReadAction","target":["https:\/\/live-act.pl\/kursy\/produkt\/po-prostu-tworz-kurs\/"]}]},{"@type":"BreadcrumbList","@id":"https:\/\/live-act.pl\/kursy\/produkt\/po-prostu-tworz-kurs\/#breadcrumb","itemListElement":[{"@type":"ListItem","position":1,"name":""},{"@type":"ListItem","position":2,"name":"Po Prostu Tw\u00f3rz + Kurs"}]}]}},"_links":{"self":[{"href":"https:\/\/live-act.pl\/kursy\/wp-json\/wp\/v2\/product\/35903"}],"collection":[{"href":"https:\/\/live-act.pl\/kursy\/wp-json\/wp\/v2\/product"}],"about":[{"href":"https:\/\/live-act.pl\/kursy\/wp-json\/wp\/v2\/types\/product"}],"replies":[{"embeddable":true,"href":"https:\/\/live-act.pl\/kursy\/wp-json\/wp\/v2\/comments?post=35903"}],"wp:featuredmedia":[{"embeddable":true,"href":"https:\/\/live-act.pl\/kursy\/wp-json\/wp\/v2\/media\/35904"}],"wp:attachment":[{"href":"https:\/\/live-act.pl\/kursy\/wp-json\/wp\/v2\/media?parent=35903"}],"wp:term":[{"taxonomy":"product_cat","embeddable":true,"href":"https:\/\/live-act.pl\/kursy\/wp-json\/wp\/v2\/product_cat?post=35903"},{"taxonomy":"product_tag","embeddable":true,"href":"https:\/\/live-act.pl\/kursy\/wp-json\/wp\/v2\/product_tag?post=35903"}],"curies":[{"name":"wp","href":"https:\/\/api.w.org\/{rel}","templated":true}]}}