{"id":34542,"date":"2021-04-15T15:36:55","date_gmt":"2021-04-15T13:36:55","guid":{"rendered":"https:\/\/live-act.pl\/kursy\/?post_type=product&#038;p=34542"},"modified":"2022-02-25T16:35:04","modified_gmt":"2022-02-25T15:35:04","slug":"synthwave-vol2","status":"publish","type":"product","link":"https:\/\/live-act.pl\/kursy\/produkt\/synthwave-vol2\/","title":{"rendered":"SYNTHWAVE vol2"},"content":{"rendered":"<p>Paczka sprawdzi si\u0119 do gatunk\u00f3w synthwave, retro, 80s, disco, lo-fi i Indie pop. Starannie wyselekcjonowane brzmienia wysokiej jako\u015bci. Wsp\u00f3\u0142czesne i mocne sample perkusyjne. Gotowe do u\u017cycia w produkcjach muzycznych. Sample Pack mo\u017cna wykorzystywa\u0107 w komercyjnych projektach.<\/p>\n<p>W sk\u0142ad zestawu wchodzi 109 sampli perkusyjnych:<\/p>\n<p>15 &#8211; Clap<\/p>\n<p>8 &#8211; Cymbals<\/p>\n<p>12 &#8211; Fill<\/p>\n<p>15 &#8211; Hi-hat<\/p>\n<p>19 &#8211; Kick<\/p>\n<p>7 &#8211; Perc<\/p>\n<p>27 &#8211; Snare<\/p>\n<p>6 &#8211; Tom<\/p>\n<p>&nbsp;<\/p>\n","protected":false},"excerpt":{"rendered":"<p>Paczka sprawdzi si\u0119 do gatunk\u00f3w synthwave, retro, 80s, disco, lo-fi i Indie pop. Starannie wyselekcjonowane brzmienia wysokiej jako\u015bci. Wsp\u00f3\u0142czesne i &hellip;<\/p>\n","protected":false},"featured_media":34543,"comment_status":"open","ping_status":"closed","template":"","meta":{"_monsterinsights_skip_tracking":false,"_monsterinsights_sitenote_active":false,"_monsterinsights_sitenote_note":"","_monsterinsights_sitenote_category":0,"_vibebp_attr":"","_vibebp_dimensions":"","_vibebp_responsive_height":"","_vibebp_accordion_ie_support":""},"product_cat":[282],"product_tag":[],"yoast_head":"<!-- This site is optimized with the Yoast SEO plugin v18.3 - https:\/\/yoast.com\/wordpress\/plugins\/seo\/ -->\n<title>SYNTHWAVE vol2 - LiveAct - Idealne Kursy Wideo<\/title>\n<meta name=\"description\" content=\"Paczka sprawdzi si\u0119 do gatunk\u00f3w synthwave, retro, 80s, disco, lo-fi i Indie pop. Ten Sample Pack odmieni Twoj\u0105 muzyk\u0119.\" \/>\n<meta name=\"robots\" content=\"index, follow, max-snippet:-1, max-image-preview:large, max-video-preview:-1\" \/>\n<link rel=\"canonical\" href=\"https:\/\/live-act.pl\/kursy\/produkt\/synthwave-vol2\/\" \/>\n<meta property=\"og:locale\" content=\"pl_PL\" \/>\n<meta property=\"og:type\" content=\"article\" \/>\n<meta property=\"og:title\" content=\"SYNTHWAVE vol2 - LiveAct - Idealne Kursy Wideo\" \/>\n<meta property=\"og:description\" content=\"Paczka sprawdzi si\u0119 do gatunk\u00f3w synthwave, retro, 80s, disco, lo-fi i Indie pop. Ten Sample Pack odmieni Twoj\u0105 muzyk\u0119.\" \/>\n<meta property=\"og:url\" content=\"https:\/\/live-act.pl\/kursy\/produkt\/synthwave-vol2\/\" \/>\n<meta property=\"og:site_name\" content=\"LiveAct - Idealne Kursy Wideo\" \/>\n<meta property=\"article:publisher\" content=\"https:\/\/www.facebook.com\/LiveActpl\/\" \/>\n<meta property=\"article:modified_time\" content=\"2022-02-25T15:35:04+00:00\" \/>\n<meta property=\"og:image\" content=\"https:\/\/live-act.pl\/kursy\/files\/2021\/04\/SYNTHWAVE-1024x1024.jpg\" \/>\n\t<meta property=\"og:image:width\" content=\"1024\" \/>\n\t<meta property=\"og:image:height\" content=\"1024\" \/>\n\t<meta property=\"og:image:type\" content=\"image\/jpeg\" \/>\n<script type=\"application\/ld+json\" class=\"yoast-schema-graph\">{\"@context\":\"https:\/\/schema.org\",\"@graph\":[{\"@type\":\"WebSite\",\"@id\":\"https:\/\/live-act.pl\/kursy\/#website\",\"url\":\"https:\/\/live-act.pl\/kursy\/\",\"name\":\"LiveAct - Idealne Kursy Wideo\",\"description\":\"LiveAct - Produkcja Muzyki, Kursy Ableton\",\"potentialAction\":[{\"@type\":\"SearchAction\",\"target\":{\"@type\":\"EntryPoint\",\"urlTemplate\":\"https:\/\/live-act.pl\/kursy\/?s={search_term_string}\"},\"query-input\":\"required name=search_term_string\"}],\"inLanguage\":\"pl-PL\"},{\"@type\":\"ImageObject\",\"@id\":\"https:\/\/live-act.pl\/kursy\/produkt\/synthwave-vol2\/#primaryimage\",\"inLanguage\":\"pl-PL\",\"url\":\"https:\/\/live-act.pl\/kursy\/files\/2021\/04\/SYNTHWAVE.jpg\",\"contentUrl\":\"https:\/\/live-act.pl\/kursy\/files\/2021\/04\/SYNTHWAVE.jpg\",\"width\":3024,\"height\":3024},{\"@type\":\"WebPage\",\"@id\":\"https:\/\/live-act.pl\/kursy\/produkt\/synthwave-vol2\/#webpage\",\"url\":\"https:\/\/live-act.pl\/kursy\/produkt\/synthwave-vol2\/\",\"name\":\"SYNTHWAVE vol2 - LiveAct - Idealne Kursy Wideo\",\"isPartOf\":{\"@id\":\"https:\/\/live-act.pl\/kursy\/#website\"},\"primaryImageOfPage\":{\"@id\":\"https:\/\/live-act.pl\/kursy\/produkt\/synthwave-vol2\/#primaryimage\"},\"datePublished\":\"2021-04-15T13:36:55+00:00\",\"dateModified\":\"2022-02-25T15:35:04+00:00\",\"description\":\"Paczka sprawdzi si\u0119 do gatunk\u00f3w synthwave, retro, 80s, disco, lo-fi i Indie pop. Ten Sample Pack odmieni Twoj\u0105 muzyk\u0119.\",\"breadcrumb\":{\"@id\":\"https:\/\/live-act.pl\/kursy\/produkt\/synthwave-vol2\/#breadcrumb\"},\"inLanguage\":\"pl-PL\",\"potentialAction\":[{\"@type\":\"ReadAction\",\"target\":[\"https:\/\/live-act.pl\/kursy\/produkt\/synthwave-vol2\/\"]}]},{\"@type\":\"BreadcrumbList\",\"@id\":\"https:\/\/live-act.pl\/kursy\/produkt\/synthwave-vol2\/#breadcrumb\",\"itemListElement\":[{\"@type\":\"ListItem\",\"position\":1,\"name\":\"\"},{\"@type\":\"ListItem\",\"position\":2,\"name\":\"SYNTHWAVE vol2\"}]}]}<\/script>\n<!-- \/ Yoast SEO plugin. -->","yoast_head_json":{"title":"SYNTHWAVE vol2 - LiveAct - Idealne Kursy Wideo","description":"Paczka sprawdzi si\u0119 do gatunk\u00f3w synthwave, retro, 80s, disco, lo-fi i Indie pop. Ten Sample Pack odmieni Twoj\u0105 muzyk\u0119.","robots":{"index":"index","follow":"follow","max-snippet":"max-snippet:-1","max-image-preview":"max-image-preview:large","max-video-preview":"max-video-preview:-1"},"canonical":"https:\/\/live-act.pl\/kursy\/produkt\/synthwave-vol2\/","og_locale":"pl_PL","og_type":"article","og_title":"SYNTHWAVE vol2 - LiveAct - Idealne Kursy Wideo","og_description":"Paczka sprawdzi si\u0119 do gatunk\u00f3w synthwave, retro, 80s, disco, lo-fi i Indie pop. Ten Sample Pack odmieni Twoj\u0105 muzyk\u0119.","og_url":"https:\/\/live-act.pl\/kursy\/produkt\/synthwave-vol2\/","og_site_name":"LiveAct - Idealne Kursy Wideo","article_publisher":"https:\/\/www.facebook.com\/LiveActpl\/","article_modified_time":"2022-02-25T15:35:04+00:00","og_image":[{"width":1024,"height":1024,"url":"https:\/\/live-act.pl\/kursy\/files\/2021\/04\/SYNTHWAVE-1024x1024.jpg","type":"image\/jpeg"}],"schema":{"@context":"https:\/\/schema.org","@graph":[{"@type":"WebSite","@id":"https:\/\/live-act.pl\/kursy\/#website","url":"https:\/\/live-act.pl\/kursy\/","name":"LiveAct - Idealne Kursy Wideo","description":"LiveAct - Produkcja Muzyki, Kursy Ableton","potentialAction":[{"@type":"SearchAction","target":{"@type":"EntryPoint","urlTemplate":"https:\/\/live-act.pl\/kursy\/?s={search_term_string}"},"query-input":"required name=search_term_string"}],"inLanguage":"pl-PL"},{"@type":"ImageObject","@id":"https:\/\/live-act.pl\/kursy\/produkt\/synthwave-vol2\/#primaryimage","inLanguage":"pl-PL","url":"https:\/\/live-act.pl\/kursy\/files\/2021\/04\/SYNTHWAVE.jpg","contentUrl":"https:\/\/live-act.pl\/kursy\/files\/2021\/04\/SYNTHWAVE.jpg","width":3024,"height":3024},{"@type":"WebPage","@id":"https:\/\/live-act.pl\/kursy\/produkt\/synthwave-vol2\/#webpage","url":"https:\/\/live-act.pl\/kursy\/produkt\/synthwave-vol2\/","name":"SYNTHWAVE vol2 - LiveAct - Idealne Kursy Wideo","isPartOf":{"@id":"https:\/\/live-act.pl\/kursy\/#website"},"primaryImageOfPage":{"@id":"https:\/\/live-act.pl\/kursy\/produkt\/synthwave-vol2\/#primaryimage"},"datePublished":"2021-04-15T13:36:55+00:00","dateModified":"2022-02-25T15:35:04+00:00","description":"Paczka sprawdzi si\u0119 do gatunk\u00f3w synthwave, retro, 80s, disco, lo-fi i Indie pop. Ten Sample Pack odmieni Twoj\u0105 muzyk\u0119.","breadcrumb":{"@id":"https:\/\/live-act.pl\/kursy\/produkt\/synthwave-vol2\/#breadcrumb"},"inLanguage":"pl-PL","potentialAction":[{"@type":"ReadAction","target":["https:\/\/live-act.pl\/kursy\/produkt\/synthwave-vol2\/"]}]},{"@type":"BreadcrumbList","@id":"https:\/\/live-act.pl\/kursy\/produkt\/synthwave-vol2\/#breadcrumb","itemListElement":[{"@type":"ListItem","position":1,"name":""},{"@type":"ListItem","position":2,"name":"SYNTHWAVE vol2"}]}]}},"_links":{"self":[{"href":"https:\/\/live-act.pl\/kursy\/wp-json\/wp\/v2\/product\/34542"}],"collection":[{"href":"https:\/\/live-act.pl\/kursy\/wp-json\/wp\/v2\/product"}],"about":[{"href":"https:\/\/live-act.pl\/kursy\/wp-json\/wp\/v2\/types\/product"}],"replies":[{"embeddable":true,"href":"https:\/\/live-act.pl\/kursy\/wp-json\/wp\/v2\/comments?post=34542"}],"wp:featuredmedia":[{"embeddable":true,"href":"https:\/\/live-act.pl\/kursy\/wp-json\/wp\/v2\/media\/34543"}],"wp:attachment":[{"href":"https:\/\/live-act.pl\/kursy\/wp-json\/wp\/v2\/media?parent=34542"}],"wp:term":[{"taxonomy":"product_cat","embeddable":true,"href":"https:\/\/live-act.pl\/kursy\/wp-json\/wp\/v2\/product_cat?post=34542"},{"taxonomy":"product_tag","embeddable":true,"href":"https:\/\/live-act.pl\/kursy\/wp-json\/wp\/v2\/product_tag?post=34542"}],"curies":[{"name":"wp","href":"https:\/\/api.w.org\/{rel}","templated":true}]}}