{"id":34540,"date":"2021-04-26T18:58:00","date_gmt":"2021-04-26T16:58:00","guid":{"rendered":"https:\/\/live-act.pl\/kursy\/?post_type=product&#038;p=34540"},"modified":"2022-05-30T22:43:40","modified_gmt":"2022-05-30T20:43:40","slug":"oldschool-machine-drumz","status":"publish","type":"product","link":"https:\/\/live-act.pl\/kursy\/produkt\/oldschool-machine-drumz\/","title":{"rendered":"OLDSCHOOL Machine Drumz"},"content":{"rendered":"<p>Paczka sprawdzi si\u0119 do gatunk\u00f3w hip-hop, lo-fi, electro, Indie pop i pop. Starannie wyselekcjonowane brzmienia wysokiej jako\u015bci. Wsp\u00f3\u0142czesne i mocne sample perkusyjne. Gotowe do u\u017cycia w produkcjach muzycznych. Sample Pack mo\u017cna wykorzystywa\u0107 w komercyjnych projektach.<\/p>\n<p>W sk\u0142ad zestawu wchodzi 165 sampli perkusyjnych:<\/p>\n<p>18 &#8211; 808 Machine<\/p>\n<p>8 &#8211; 909 Machine<\/p>\n<p>17 &#8211; CR-78 Machine<\/p>\n<p>20 &#8211; Linn Drum Machine<\/p>\n<p>7 &#8211; Matric Kit<\/p>\n<p>24 &#8211; Old Kicks<\/p>\n<p>25 &#8211; Old Snare<\/p>\n<p>12 &#8211; Oldskool Kit<\/p>\n<p>19 &#8211; Oldskool Kit2<\/p>\n<p>15 &#8211; Sp 1200 Machine<\/p>\n<p>&nbsp;<\/p>\n<p>&nbsp;<\/p>\n","protected":false},"excerpt":{"rendered":"<p>Paczka sprawdzi si\u0119 do gatunk\u00f3w hip-hop, lo-fi, electro, Indie pop i pop. Starannie wyselekcjonowane brzmienia wysokiej jako\u015bci. Wsp\u00f3\u0142czesne i mocne &hellip;<\/p>\n","protected":false},"featured_media":34541,"comment_status":"open","ping_status":"closed","template":"","meta":{"_monsterinsights_skip_tracking":false,"_monsterinsights_sitenote_active":false,"_monsterinsights_sitenote_note":"","_monsterinsights_sitenote_category":0,"_vibebp_attr":"","_vibebp_dimensions":"","_vibebp_responsive_height":"","_vibebp_accordion_ie_support":""},"product_cat":[282],"product_tag":[],"yoast_head":"<!-- This site is optimized with the Yoast SEO plugin v18.3 - https:\/\/yoast.com\/wordpress\/plugins\/seo\/ -->\n<title>OLDSCHOOL Machine Drumz - LiveAct - Idealne Kursy Wideo<\/title>\n<meta name=\"description\" content=\"Paczka sprawdzi si\u0119 do gatunk\u00f3w hip-hop, lo-fi, electro, Indie pop i pop. Sample Pack mo\u017cna wykorzystywa\u0107 w komercyjnych projektach.\" \/>\n<meta name=\"robots\" content=\"index, follow, max-snippet:-1, max-image-preview:large, max-video-preview:-1\" \/>\n<link rel=\"canonical\" href=\"https:\/\/live-act.pl\/kursy\/produkt\/oldschool-machine-drumz\/\" \/>\n<meta property=\"og:locale\" content=\"pl_PL\" \/>\n<meta property=\"og:type\" content=\"article\" \/>\n<meta property=\"og:title\" content=\"OLDSCHOOL Machine Drumz - LiveAct - Idealne Kursy Wideo\" \/>\n<meta property=\"og:description\" content=\"Paczka sprawdzi si\u0119 do gatunk\u00f3w hip-hop, lo-fi, electro, Indie pop i pop. Sample Pack mo\u017cna wykorzystywa\u0107 w komercyjnych projektach.\" \/>\n<meta property=\"og:url\" content=\"https:\/\/live-act.pl\/kursy\/produkt\/oldschool-machine-drumz\/\" \/>\n<meta property=\"og:site_name\" content=\"LiveAct - Idealne Kursy Wideo\" \/>\n<meta property=\"article:publisher\" content=\"https:\/\/www.facebook.com\/LiveActpl\/\" \/>\n<meta property=\"article:modified_time\" content=\"2022-05-30T20:43:40+00:00\" \/>\n<meta property=\"og:image\" content=\"https:\/\/live-act.pl\/kursy\/files\/2021\/04\/oldschool.jpg\" \/>\n\t<meta property=\"og:image:width\" content=\"1679\" \/>\n\t<meta property=\"og:image:height\" content=\"1679\" \/>\n\t<meta property=\"og:image:type\" content=\"image\/jpeg\" \/>\n<script type=\"application\/ld+json\" class=\"yoast-schema-graph\">{\"@context\":\"https:\/\/schema.org\",\"@graph\":[{\"@type\":\"WebSite\",\"@id\":\"https:\/\/live-act.pl\/kursy\/#website\",\"url\":\"https:\/\/live-act.pl\/kursy\/\",\"name\":\"LiveAct - Idealne Kursy Wideo\",\"description\":\"LiveAct - Produkcja Muzyki, Kursy Ableton\",\"potentialAction\":[{\"@type\":\"SearchAction\",\"target\":{\"@type\":\"EntryPoint\",\"urlTemplate\":\"https:\/\/live-act.pl\/kursy\/?s={search_term_string}\"},\"query-input\":\"required name=search_term_string\"}],\"inLanguage\":\"pl-PL\"},{\"@type\":\"ImageObject\",\"@id\":\"https:\/\/live-act.pl\/kursy\/produkt\/oldschool-machine-drumz\/#primaryimage\",\"inLanguage\":\"pl-PL\",\"url\":\"https:\/\/live-act.pl\/kursy\/files\/2021\/04\/oldschool.jpg\",\"contentUrl\":\"https:\/\/live-act.pl\/kursy\/files\/2021\/04\/oldschool.jpg\",\"width\":1679,\"height\":1679},{\"@type\":\"WebPage\",\"@id\":\"https:\/\/live-act.pl\/kursy\/produkt\/oldschool-machine-drumz\/#webpage\",\"url\":\"https:\/\/live-act.pl\/kursy\/produkt\/oldschool-machine-drumz\/\",\"name\":\"OLDSCHOOL Machine Drumz - LiveAct - Idealne Kursy Wideo\",\"isPartOf\":{\"@id\":\"https:\/\/live-act.pl\/kursy\/#website\"},\"primaryImageOfPage\":{\"@id\":\"https:\/\/live-act.pl\/kursy\/produkt\/oldschool-machine-drumz\/#primaryimage\"},\"datePublished\":\"2021-04-26T16:58:00+00:00\",\"dateModified\":\"2022-05-30T20:43:40+00:00\",\"description\":\"Paczka sprawdzi si\u0119 do gatunk\u00f3w hip-hop, lo-fi, electro, Indie pop i pop. Sample Pack mo\u017cna wykorzystywa\u0107 w komercyjnych projektach.\",\"breadcrumb\":{\"@id\":\"https:\/\/live-act.pl\/kursy\/produkt\/oldschool-machine-drumz\/#breadcrumb\"},\"inLanguage\":\"pl-PL\",\"potentialAction\":[{\"@type\":\"ReadAction\",\"target\":[\"https:\/\/live-act.pl\/kursy\/produkt\/oldschool-machine-drumz\/\"]}]},{\"@type\":\"BreadcrumbList\",\"@id\":\"https:\/\/live-act.pl\/kursy\/produkt\/oldschool-machine-drumz\/#breadcrumb\",\"itemListElement\":[{\"@type\":\"ListItem\",\"position\":1,\"name\":\"\"},{\"@type\":\"ListItem\",\"position\":2,\"name\":\"OLDSCHOOL Machine Drumz\"}]}]}<\/script>\n<!-- \/ Yoast SEO plugin. -->","yoast_head_json":{"title":"OLDSCHOOL Machine Drumz - LiveAct - Idealne Kursy Wideo","description":"Paczka sprawdzi si\u0119 do gatunk\u00f3w hip-hop, lo-fi, electro, Indie pop i pop. Sample Pack mo\u017cna wykorzystywa\u0107 w komercyjnych projektach.","robots":{"index":"index","follow":"follow","max-snippet":"max-snippet:-1","max-image-preview":"max-image-preview:large","max-video-preview":"max-video-preview:-1"},"canonical":"https:\/\/live-act.pl\/kursy\/produkt\/oldschool-machine-drumz\/","og_locale":"pl_PL","og_type":"article","og_title":"OLDSCHOOL Machine Drumz - LiveAct - Idealne Kursy Wideo","og_description":"Paczka sprawdzi si\u0119 do gatunk\u00f3w hip-hop, lo-fi, electro, Indie pop i pop. Sample Pack mo\u017cna wykorzystywa\u0107 w komercyjnych projektach.","og_url":"https:\/\/live-act.pl\/kursy\/produkt\/oldschool-machine-drumz\/","og_site_name":"LiveAct - Idealne Kursy Wideo","article_publisher":"https:\/\/www.facebook.com\/LiveActpl\/","article_modified_time":"2022-05-30T20:43:40+00:00","og_image":[{"width":1679,"height":1679,"url":"https:\/\/live-act.pl\/kursy\/files\/2021\/04\/oldschool.jpg","type":"image\/jpeg"}],"schema":{"@context":"https:\/\/schema.org","@graph":[{"@type":"WebSite","@id":"https:\/\/live-act.pl\/kursy\/#website","url":"https:\/\/live-act.pl\/kursy\/","name":"LiveAct - Idealne Kursy Wideo","description":"LiveAct - Produkcja Muzyki, Kursy Ableton","potentialAction":[{"@type":"SearchAction","target":{"@type":"EntryPoint","urlTemplate":"https:\/\/live-act.pl\/kursy\/?s={search_term_string}"},"query-input":"required name=search_term_string"}],"inLanguage":"pl-PL"},{"@type":"ImageObject","@id":"https:\/\/live-act.pl\/kursy\/produkt\/oldschool-machine-drumz\/#primaryimage","inLanguage":"pl-PL","url":"https:\/\/live-act.pl\/kursy\/files\/2021\/04\/oldschool.jpg","contentUrl":"https:\/\/live-act.pl\/kursy\/files\/2021\/04\/oldschool.jpg","width":1679,"height":1679},{"@type":"WebPage","@id":"https:\/\/live-act.pl\/kursy\/produkt\/oldschool-machine-drumz\/#webpage","url":"https:\/\/live-act.pl\/kursy\/produkt\/oldschool-machine-drumz\/","name":"OLDSCHOOL Machine Drumz - LiveAct - Idealne Kursy Wideo","isPartOf":{"@id":"https:\/\/live-act.pl\/kursy\/#website"},"primaryImageOfPage":{"@id":"https:\/\/live-act.pl\/kursy\/produkt\/oldschool-machine-drumz\/#primaryimage"},"datePublished":"2021-04-26T16:58:00+00:00","dateModified":"2022-05-30T20:43:40+00:00","description":"Paczka sprawdzi si\u0119 do gatunk\u00f3w hip-hop, lo-fi, electro, Indie pop i pop. Sample Pack mo\u017cna wykorzystywa\u0107 w komercyjnych projektach.","breadcrumb":{"@id":"https:\/\/live-act.pl\/kursy\/produkt\/oldschool-machine-drumz\/#breadcrumb"},"inLanguage":"pl-PL","potentialAction":[{"@type":"ReadAction","target":["https:\/\/live-act.pl\/kursy\/produkt\/oldschool-machine-drumz\/"]}]},{"@type":"BreadcrumbList","@id":"https:\/\/live-act.pl\/kursy\/produkt\/oldschool-machine-drumz\/#breadcrumb","itemListElement":[{"@type":"ListItem","position":1,"name":""},{"@type":"ListItem","position":2,"name":"OLDSCHOOL Machine Drumz"}]}]}},"_links":{"self":[{"href":"https:\/\/live-act.pl\/kursy\/wp-json\/wp\/v2\/product\/34540"}],"collection":[{"href":"https:\/\/live-act.pl\/kursy\/wp-json\/wp\/v2\/product"}],"about":[{"href":"https:\/\/live-act.pl\/kursy\/wp-json\/wp\/v2\/types\/product"}],"replies":[{"embeddable":true,"href":"https:\/\/live-act.pl\/kursy\/wp-json\/wp\/v2\/comments?post=34540"}],"wp:featuredmedia":[{"embeddable":true,"href":"https:\/\/live-act.pl\/kursy\/wp-json\/wp\/v2\/media\/34541"}],"wp:attachment":[{"href":"https:\/\/live-act.pl\/kursy\/wp-json\/wp\/v2\/media?parent=34540"}],"wp:term":[{"taxonomy":"product_cat","embeddable":true,"href":"https:\/\/live-act.pl\/kursy\/wp-json\/wp\/v2\/product_cat?post=34540"},{"taxonomy":"product_tag","embeddable":true,"href":"https:\/\/live-act.pl\/kursy\/wp-json\/wp\/v2\/product_tag?post=34540"}],"curies":[{"name":"wp","href":"https:\/\/api.w.org\/{rel}","templated":true}]}}