{"id":34538,"date":"2021-06-22T13:34:44","date_gmt":"2021-06-22T11:34:44","guid":{"rendered":"https:\/\/live-act.pl\/kursy\/?post_type=product&#038;p=34538"},"modified":"2022-02-25T16:29:22","modified_gmt":"2022-02-25T15:29:22","slug":"hardbass-kit","status":"publish","type":"product","link":"https:\/\/live-act.pl\/kursy\/produkt\/hardbass-kit\/","title":{"rendered":"HARDBASS KIT"},"content":{"rendered":"<p>Paczka sprawdzi si\u0119 do gatunk\u00f3w hardbass, rave, oldschool house. Starannie wyselekcjonowane brzmienia wysokiej jako\u015bci. Wsp\u00f3\u0142czesne i mocne sample perkusyjne. Gotowe do u\u017cycia w produkcjach muzycznych. Sample Pack mo\u017cna wykorzystywa\u0107 w komercyjnych projektach.<\/p>\n<p>W sk\u0142ad zestawu wchodzi 79 sampli perkusyjnych:<\/p>\n<p>16 &#8211; Clap<\/p>\n<p>20 &#8211; Donk<\/p>\n<p>11 &#8211; Hi-hat CLSD<\/p>\n<p>10 &#8211; Hi-hat Open<\/p>\n<p>16 &#8211; Kick<\/p>\n<p>1 &#8211; Ride<\/p>\n<p>4 &#8211; Snare<\/p>\n<p>1 &#8211; Vox<\/p>\n","protected":false},"excerpt":{"rendered":"<p>Paczka sprawdzi si\u0119 do gatunk\u00f3w hardbass, rave, oldschool house. Starannie wyselekcjonowane brzmienia wysokiej jako\u015bci. Wsp\u00f3\u0142czesne i mocne sample perkusyjne. Gotowe &hellip;<\/p>\n","protected":false},"featured_media":34539,"comment_status":"open","ping_status":"closed","template":"","meta":{"_monsterinsights_skip_tracking":false,"_monsterinsights_sitenote_active":false,"_monsterinsights_sitenote_note":"","_monsterinsights_sitenote_category":0,"_vibebp_attr":"","_vibebp_dimensions":"","_vibebp_responsive_height":"","_vibebp_accordion_ie_support":""},"product_cat":[282],"product_tag":[],"yoast_head":"<!-- This site is optimized with the Yoast SEO plugin v18.3 - https:\/\/yoast.com\/wordpress\/plugins\/seo\/ -->\n<title>HARDBASS KIT - LiveAct - Idealne Kursy Wideo<\/title>\n<meta name=\"description\" content=\"Tw\u00f3rz z samplami. Paczka sprawdzi si\u0119 do gatunk\u00f3w hardbass, rave, oldschool house. Starannie wyselekcjonowane brzmienia wysokiej jako\u015bci.\" \/>\n<meta name=\"robots\" content=\"index, follow, max-snippet:-1, max-image-preview:large, max-video-preview:-1\" \/>\n<link rel=\"canonical\" href=\"https:\/\/live-act.pl\/kursy\/produkt\/hardbass-kit\/\" \/>\n<meta property=\"og:locale\" content=\"pl_PL\" \/>\n<meta property=\"og:type\" content=\"article\" \/>\n<meta property=\"og:title\" content=\"HARDBASS KIT - LiveAct - Idealne Kursy Wideo\" \/>\n<meta property=\"og:description\" content=\"Tw\u00f3rz z samplami. Paczka sprawdzi si\u0119 do gatunk\u00f3w hardbass, rave, oldschool house. Starannie wyselekcjonowane brzmienia wysokiej jako\u015bci.\" \/>\n<meta property=\"og:url\" content=\"https:\/\/live-act.pl\/kursy\/produkt\/hardbass-kit\/\" \/>\n<meta property=\"og:site_name\" content=\"LiveAct - Idealne Kursy Wideo\" \/>\n<meta property=\"article:publisher\" content=\"https:\/\/www.facebook.com\/LiveActpl\/\" \/>\n<meta property=\"article:modified_time\" content=\"2022-02-25T15:29:22+00:00\" \/>\n<meta property=\"og:image\" content=\"https:\/\/live-act.pl\/kursy\/files\/2021\/04\/1618399011063_filtered.jpg\" \/>\n\t<meta property=\"og:image:width\" content=\"3024\" \/>\n\t<meta property=\"og:image:height\" content=\"3024\" \/>\n\t<meta property=\"og:image:type\" content=\"image\/jpeg\" \/>\n<script type=\"application\/ld+json\" class=\"yoast-schema-graph\">{\"@context\":\"https:\/\/schema.org\",\"@graph\":[{\"@type\":\"WebSite\",\"@id\":\"https:\/\/live-act.pl\/kursy\/#website\",\"url\":\"https:\/\/live-act.pl\/kursy\/\",\"name\":\"LiveAct - Idealne Kursy Wideo\",\"description\":\"LiveAct - Produkcja Muzyki, Kursy Ableton\",\"potentialAction\":[{\"@type\":\"SearchAction\",\"target\":{\"@type\":\"EntryPoint\",\"urlTemplate\":\"https:\/\/live-act.pl\/kursy\/?s={search_term_string}\"},\"query-input\":\"required name=search_term_string\"}],\"inLanguage\":\"pl-PL\"},{\"@type\":\"ImageObject\",\"@id\":\"https:\/\/live-act.pl\/kursy\/produkt\/hardbass-kit\/#primaryimage\",\"inLanguage\":\"pl-PL\",\"url\":\"https:\/\/live-act.pl\/kursy\/files\/2021\/04\/1618399011063_filtered.jpg\",\"contentUrl\":\"https:\/\/live-act.pl\/kursy\/files\/2021\/04\/1618399011063_filtered.jpg\",\"width\":3024,\"height\":3024},{\"@type\":\"WebPage\",\"@id\":\"https:\/\/live-act.pl\/kursy\/produkt\/hardbass-kit\/#webpage\",\"url\":\"https:\/\/live-act.pl\/kursy\/produkt\/hardbass-kit\/\",\"name\":\"HARDBASS KIT - LiveAct - Idealne Kursy Wideo\",\"isPartOf\":{\"@id\":\"https:\/\/live-act.pl\/kursy\/#website\"},\"primaryImageOfPage\":{\"@id\":\"https:\/\/live-act.pl\/kursy\/produkt\/hardbass-kit\/#primaryimage\"},\"datePublished\":\"2021-06-22T11:34:44+00:00\",\"dateModified\":\"2022-02-25T15:29:22+00:00\",\"description\":\"Tw\u00f3rz z samplami. Paczka sprawdzi si\u0119 do gatunk\u00f3w hardbass, rave, oldschool house. Starannie wyselekcjonowane brzmienia wysokiej jako\u015bci.\",\"breadcrumb\":{\"@id\":\"https:\/\/live-act.pl\/kursy\/produkt\/hardbass-kit\/#breadcrumb\"},\"inLanguage\":\"pl-PL\",\"potentialAction\":[{\"@type\":\"ReadAction\",\"target\":[\"https:\/\/live-act.pl\/kursy\/produkt\/hardbass-kit\/\"]}]},{\"@type\":\"BreadcrumbList\",\"@id\":\"https:\/\/live-act.pl\/kursy\/produkt\/hardbass-kit\/#breadcrumb\",\"itemListElement\":[{\"@type\":\"ListItem\",\"position\":1,\"name\":\"\"},{\"@type\":\"ListItem\",\"position\":2,\"name\":\"HARDBASS KIT\"}]}]}<\/script>\n<!-- \/ Yoast SEO plugin. -->","yoast_head_json":{"title":"HARDBASS KIT - LiveAct - Idealne Kursy Wideo","description":"Tw\u00f3rz z samplami. Paczka sprawdzi si\u0119 do gatunk\u00f3w hardbass, rave, oldschool house. Starannie wyselekcjonowane brzmienia wysokiej jako\u015bci.","robots":{"index":"index","follow":"follow","max-snippet":"max-snippet:-1","max-image-preview":"max-image-preview:large","max-video-preview":"max-video-preview:-1"},"canonical":"https:\/\/live-act.pl\/kursy\/produkt\/hardbass-kit\/","og_locale":"pl_PL","og_type":"article","og_title":"HARDBASS KIT - LiveAct - Idealne Kursy Wideo","og_description":"Tw\u00f3rz z samplami. Paczka sprawdzi si\u0119 do gatunk\u00f3w hardbass, rave, oldschool house. Starannie wyselekcjonowane brzmienia wysokiej jako\u015bci.","og_url":"https:\/\/live-act.pl\/kursy\/produkt\/hardbass-kit\/","og_site_name":"LiveAct - Idealne Kursy Wideo","article_publisher":"https:\/\/www.facebook.com\/LiveActpl\/","article_modified_time":"2022-02-25T15:29:22+00:00","og_image":[{"width":3024,"height":3024,"url":"https:\/\/live-act.pl\/kursy\/files\/2021\/04\/1618399011063_filtered.jpg","type":"image\/jpeg"}],"schema":{"@context":"https:\/\/schema.org","@graph":[{"@type":"WebSite","@id":"https:\/\/live-act.pl\/kursy\/#website","url":"https:\/\/live-act.pl\/kursy\/","name":"LiveAct - Idealne Kursy Wideo","description":"LiveAct - Produkcja Muzyki, Kursy Ableton","potentialAction":[{"@type":"SearchAction","target":{"@type":"EntryPoint","urlTemplate":"https:\/\/live-act.pl\/kursy\/?s={search_term_string}"},"query-input":"required name=search_term_string"}],"inLanguage":"pl-PL"},{"@type":"ImageObject","@id":"https:\/\/live-act.pl\/kursy\/produkt\/hardbass-kit\/#primaryimage","inLanguage":"pl-PL","url":"https:\/\/live-act.pl\/kursy\/files\/2021\/04\/1618399011063_filtered.jpg","contentUrl":"https:\/\/live-act.pl\/kursy\/files\/2021\/04\/1618399011063_filtered.jpg","width":3024,"height":3024},{"@type":"WebPage","@id":"https:\/\/live-act.pl\/kursy\/produkt\/hardbass-kit\/#webpage","url":"https:\/\/live-act.pl\/kursy\/produkt\/hardbass-kit\/","name":"HARDBASS KIT - LiveAct - Idealne Kursy Wideo","isPartOf":{"@id":"https:\/\/live-act.pl\/kursy\/#website"},"primaryImageOfPage":{"@id":"https:\/\/live-act.pl\/kursy\/produkt\/hardbass-kit\/#primaryimage"},"datePublished":"2021-06-22T11:34:44+00:00","dateModified":"2022-02-25T15:29:22+00:00","description":"Tw\u00f3rz z samplami. Paczka sprawdzi si\u0119 do gatunk\u00f3w hardbass, rave, oldschool house. Starannie wyselekcjonowane brzmienia wysokiej jako\u015bci.","breadcrumb":{"@id":"https:\/\/live-act.pl\/kursy\/produkt\/hardbass-kit\/#breadcrumb"},"inLanguage":"pl-PL","potentialAction":[{"@type":"ReadAction","target":["https:\/\/live-act.pl\/kursy\/produkt\/hardbass-kit\/"]}]},{"@type":"BreadcrumbList","@id":"https:\/\/live-act.pl\/kursy\/produkt\/hardbass-kit\/#breadcrumb","itemListElement":[{"@type":"ListItem","position":1,"name":""},{"@type":"ListItem","position":2,"name":"HARDBASS KIT"}]}]}},"_links":{"self":[{"href":"https:\/\/live-act.pl\/kursy\/wp-json\/wp\/v2\/product\/34538"}],"collection":[{"href":"https:\/\/live-act.pl\/kursy\/wp-json\/wp\/v2\/product"}],"about":[{"href":"https:\/\/live-act.pl\/kursy\/wp-json\/wp\/v2\/types\/product"}],"replies":[{"embeddable":true,"href":"https:\/\/live-act.pl\/kursy\/wp-json\/wp\/v2\/comments?post=34538"}],"wp:featuredmedia":[{"embeddable":true,"href":"https:\/\/live-act.pl\/kursy\/wp-json\/wp\/v2\/media\/34539"}],"wp:attachment":[{"href":"https:\/\/live-act.pl\/kursy\/wp-json\/wp\/v2\/media?parent=34538"}],"wp:term":[{"taxonomy":"product_cat","embeddable":true,"href":"https:\/\/live-act.pl\/kursy\/wp-json\/wp\/v2\/product_cat?post=34538"},{"taxonomy":"product_tag","embeddable":true,"href":"https:\/\/live-act.pl\/kursy\/wp-json\/wp\/v2\/product_tag?post=34538"}],"curies":[{"name":"wp","href":"https:\/\/api.w.org\/{rel}","templated":true}]}}