{"id":34536,"date":"2021-07-28T13:51:14","date_gmt":"2021-07-28T11:51:14","guid":{"rendered":"https:\/\/live-act.pl\/kursy\/?post_type=product&#038;p=34536"},"modified":"2022-02-25T16:27:50","modified_gmt":"2022-02-25T15:27:50","slug":"lo-fi-drumz","status":"publish","type":"product","link":"https:\/\/live-act.pl\/kursy\/produkt\/lo-fi-drumz\/","title":{"rendered":"LO-FI DRUMZ"},"content":{"rendered":"<p>Paczka \u015bwietnie sprawdzi si\u0119 w gatunkach Hip-Hop, Lo-Fi, Indie-Pop. Znajdziesz tutaj mocne i wsp\u00f3\u0142cze\u015bnie brzmi\u0105ce uderzenia perkusyjne. Wysokiej jako\u015bci wyselekcjonowane sample. Gotowe do u\u017cycia w produkcjach muzycznych. Sample Pack mo\u017cna wykorzystywa\u0107 w komercyjnych projektach.<\/p>\n<p>W sk\u0142ad zestawu wchodzi 113 sampli perkusyjnych:<\/p>\n<p>12 &#8211; Clap<\/p>\n<p>12 &#8211; Hi-hat<\/p>\n<p>32 &#8211; Kick<\/p>\n<p>8 &#8211; Perc<\/p>\n<p>8 &#8211; Shakers<\/p>\n<p>12 &#8211; Snaps<\/p>\n<p>22 &#8211; Snare<\/p>\n<p>7 &#8211; Stick<\/p>\n","protected":false},"excerpt":{"rendered":"<p>Paczka \u015bwietnie sprawdzi si\u0119 w gatunkach Hip-Hop, Lo-Fi, Indie-Pop. Znajdziesz tutaj mocne i wsp\u00f3\u0142cze\u015bnie brzmi\u0105ce uderzenia perkusyjne. Wysokiej jako\u015bci wyselekcjonowane &hellip;<\/p>\n","protected":false},"featured_media":34537,"comment_status":"open","ping_status":"closed","template":"","meta":{"_monsterinsights_skip_tracking":false,"_monsterinsights_sitenote_active":false,"_monsterinsights_sitenote_note":"","_monsterinsights_sitenote_category":0,"_vibebp_attr":"","_vibebp_dimensions":"","_vibebp_responsive_height":"","_vibebp_accordion_ie_support":""},"product_cat":[282],"product_tag":[],"yoast_head":"<!-- This site is optimized with the Yoast SEO plugin v18.3 - https:\/\/yoast.com\/wordpress\/plugins\/seo\/ -->\n<title>LO-FI DRUMZ - LiveAct - Idealne Kursy Wideo<\/title>\n<meta name=\"description\" content=\"Wysokiej jako\u015bci wyselekcjonowane sample. Paczka \u015bwietnie sprawdzi si\u0119 w gatunkach Hip-Hop, Lo-Fi, Indie-Pop.\" \/>\n<meta name=\"robots\" content=\"index, follow, max-snippet:-1, max-image-preview:large, max-video-preview:-1\" \/>\n<link rel=\"canonical\" href=\"https:\/\/live-act.pl\/kursy\/produkt\/lo-fi-drumz\/\" \/>\n<meta property=\"og:locale\" content=\"pl_PL\" \/>\n<meta property=\"og:type\" content=\"article\" \/>\n<meta property=\"og:title\" content=\"LO-FI DRUMZ - LiveAct - Idealne Kursy Wideo\" \/>\n<meta property=\"og:description\" content=\"Wysokiej jako\u015bci wyselekcjonowane sample. Paczka \u015bwietnie sprawdzi si\u0119 w gatunkach Hip-Hop, Lo-Fi, Indie-Pop.\" \/>\n<meta property=\"og:url\" content=\"https:\/\/live-act.pl\/kursy\/produkt\/lo-fi-drumz\/\" \/>\n<meta property=\"og:site_name\" content=\"LiveAct - Idealne Kursy Wideo\" \/>\n<meta property=\"article:publisher\" content=\"https:\/\/www.facebook.com\/LiveActpl\/\" \/>\n<meta property=\"article:modified_time\" content=\"2022-02-25T15:27:50+00:00\" \/>\n<meta property=\"og:image\" content=\"https:\/\/live-act.pl\/kursy\/files\/2021\/04\/LO-FI-DRUMZ-1024x1024.jpg\" \/>\n\t<meta property=\"og:image:width\" content=\"1024\" \/>\n\t<meta property=\"og:image:height\" content=\"1024\" \/>\n\t<meta property=\"og:image:type\" content=\"image\/jpeg\" \/>\n<script type=\"application\/ld+json\" class=\"yoast-schema-graph\">{\"@context\":\"https:\/\/schema.org\",\"@graph\":[{\"@type\":\"WebSite\",\"@id\":\"https:\/\/live-act.pl\/kursy\/#website\",\"url\":\"https:\/\/live-act.pl\/kursy\/\",\"name\":\"LiveAct - Idealne Kursy Wideo\",\"description\":\"LiveAct - Produkcja Muzyki, Kursy Ableton\",\"potentialAction\":[{\"@type\":\"SearchAction\",\"target\":{\"@type\":\"EntryPoint\",\"urlTemplate\":\"https:\/\/live-act.pl\/kursy\/?s={search_term_string}\"},\"query-input\":\"required name=search_term_string\"}],\"inLanguage\":\"pl-PL\"},{\"@type\":\"ImageObject\",\"@id\":\"https:\/\/live-act.pl\/kursy\/produkt\/lo-fi-drumz\/#primaryimage\",\"inLanguage\":\"pl-PL\",\"url\":\"https:\/\/live-act.pl\/kursy\/files\/2021\/04\/LO-FI-DRUMZ.jpg\",\"contentUrl\":\"https:\/\/live-act.pl\/kursy\/files\/2021\/04\/LO-FI-DRUMZ.jpg\",\"width\":3024,\"height\":3024},{\"@type\":\"WebPage\",\"@id\":\"https:\/\/live-act.pl\/kursy\/produkt\/lo-fi-drumz\/#webpage\",\"url\":\"https:\/\/live-act.pl\/kursy\/produkt\/lo-fi-drumz\/\",\"name\":\"LO-FI DRUMZ - LiveAct - Idealne Kursy Wideo\",\"isPartOf\":{\"@id\":\"https:\/\/live-act.pl\/kursy\/#website\"},\"primaryImageOfPage\":{\"@id\":\"https:\/\/live-act.pl\/kursy\/produkt\/lo-fi-drumz\/#primaryimage\"},\"datePublished\":\"2021-07-28T11:51:14+00:00\",\"dateModified\":\"2022-02-25T15:27:50+00:00\",\"description\":\"Wysokiej jako\u015bci wyselekcjonowane sample. Paczka \u015bwietnie sprawdzi si\u0119 w gatunkach Hip-Hop, Lo-Fi, Indie-Pop.\",\"breadcrumb\":{\"@id\":\"https:\/\/live-act.pl\/kursy\/produkt\/lo-fi-drumz\/#breadcrumb\"},\"inLanguage\":\"pl-PL\",\"potentialAction\":[{\"@type\":\"ReadAction\",\"target\":[\"https:\/\/live-act.pl\/kursy\/produkt\/lo-fi-drumz\/\"]}]},{\"@type\":\"BreadcrumbList\",\"@id\":\"https:\/\/live-act.pl\/kursy\/produkt\/lo-fi-drumz\/#breadcrumb\",\"itemListElement\":[{\"@type\":\"ListItem\",\"position\":1,\"name\":\"\"},{\"@type\":\"ListItem\",\"position\":2,\"name\":\"LO-FI DRUMZ\"}]}]}<\/script>\n<!-- \/ Yoast SEO plugin. -->","yoast_head_json":{"title":"LO-FI DRUMZ - LiveAct - Idealne Kursy Wideo","description":"Wysokiej jako\u015bci wyselekcjonowane sample. Paczka \u015bwietnie sprawdzi si\u0119 w gatunkach Hip-Hop, Lo-Fi, Indie-Pop.","robots":{"index":"index","follow":"follow","max-snippet":"max-snippet:-1","max-image-preview":"max-image-preview:large","max-video-preview":"max-video-preview:-1"},"canonical":"https:\/\/live-act.pl\/kursy\/produkt\/lo-fi-drumz\/","og_locale":"pl_PL","og_type":"article","og_title":"LO-FI DRUMZ - LiveAct - Idealne Kursy Wideo","og_description":"Wysokiej jako\u015bci wyselekcjonowane sample. Paczka \u015bwietnie sprawdzi si\u0119 w gatunkach Hip-Hop, Lo-Fi, Indie-Pop.","og_url":"https:\/\/live-act.pl\/kursy\/produkt\/lo-fi-drumz\/","og_site_name":"LiveAct - Idealne Kursy Wideo","article_publisher":"https:\/\/www.facebook.com\/LiveActpl\/","article_modified_time":"2022-02-25T15:27:50+00:00","og_image":[{"width":1024,"height":1024,"url":"https:\/\/live-act.pl\/kursy\/files\/2021\/04\/LO-FI-DRUMZ-1024x1024.jpg","type":"image\/jpeg"}],"schema":{"@context":"https:\/\/schema.org","@graph":[{"@type":"WebSite","@id":"https:\/\/live-act.pl\/kursy\/#website","url":"https:\/\/live-act.pl\/kursy\/","name":"LiveAct - Idealne Kursy Wideo","description":"LiveAct - Produkcja Muzyki, Kursy Ableton","potentialAction":[{"@type":"SearchAction","target":{"@type":"EntryPoint","urlTemplate":"https:\/\/live-act.pl\/kursy\/?s={search_term_string}"},"query-input":"required name=search_term_string"}],"inLanguage":"pl-PL"},{"@type":"ImageObject","@id":"https:\/\/live-act.pl\/kursy\/produkt\/lo-fi-drumz\/#primaryimage","inLanguage":"pl-PL","url":"https:\/\/live-act.pl\/kursy\/files\/2021\/04\/LO-FI-DRUMZ.jpg","contentUrl":"https:\/\/live-act.pl\/kursy\/files\/2021\/04\/LO-FI-DRUMZ.jpg","width":3024,"height":3024},{"@type":"WebPage","@id":"https:\/\/live-act.pl\/kursy\/produkt\/lo-fi-drumz\/#webpage","url":"https:\/\/live-act.pl\/kursy\/produkt\/lo-fi-drumz\/","name":"LO-FI DRUMZ - LiveAct - Idealne Kursy Wideo","isPartOf":{"@id":"https:\/\/live-act.pl\/kursy\/#website"},"primaryImageOfPage":{"@id":"https:\/\/live-act.pl\/kursy\/produkt\/lo-fi-drumz\/#primaryimage"},"datePublished":"2021-07-28T11:51:14+00:00","dateModified":"2022-02-25T15:27:50+00:00","description":"Wysokiej jako\u015bci wyselekcjonowane sample. Paczka \u015bwietnie sprawdzi si\u0119 w gatunkach Hip-Hop, Lo-Fi, Indie-Pop.","breadcrumb":{"@id":"https:\/\/live-act.pl\/kursy\/produkt\/lo-fi-drumz\/#breadcrumb"},"inLanguage":"pl-PL","potentialAction":[{"@type":"ReadAction","target":["https:\/\/live-act.pl\/kursy\/produkt\/lo-fi-drumz\/"]}]},{"@type":"BreadcrumbList","@id":"https:\/\/live-act.pl\/kursy\/produkt\/lo-fi-drumz\/#breadcrumb","itemListElement":[{"@type":"ListItem","position":1,"name":""},{"@type":"ListItem","position":2,"name":"LO-FI DRUMZ"}]}]}},"_links":{"self":[{"href":"https:\/\/live-act.pl\/kursy\/wp-json\/wp\/v2\/product\/34536"}],"collection":[{"href":"https:\/\/live-act.pl\/kursy\/wp-json\/wp\/v2\/product"}],"about":[{"href":"https:\/\/live-act.pl\/kursy\/wp-json\/wp\/v2\/types\/product"}],"replies":[{"embeddable":true,"href":"https:\/\/live-act.pl\/kursy\/wp-json\/wp\/v2\/comments?post=34536"}],"wp:featuredmedia":[{"embeddable":true,"href":"https:\/\/live-act.pl\/kursy\/wp-json\/wp\/v2\/media\/34537"}],"wp:attachment":[{"href":"https:\/\/live-act.pl\/kursy\/wp-json\/wp\/v2\/media?parent=34536"}],"wp:term":[{"taxonomy":"product_cat","embeddable":true,"href":"https:\/\/live-act.pl\/kursy\/wp-json\/wp\/v2\/product_cat?post=34536"},{"taxonomy":"product_tag","embeddable":true,"href":"https:\/\/live-act.pl\/kursy\/wp-json\/wp\/v2\/product_tag?post=34536"}],"curies":[{"name":"wp","href":"https:\/\/api.w.org\/{rel}","templated":true}]}}