{"id":34534,"date":"2021-04-14T15:09:10","date_gmt":"2021-04-14T13:09:10","guid":{"rendered":"https:\/\/live-act.pl\/kursy\/?post_type=product&#038;p=34534"},"modified":"2024-06-09T09:23:18","modified_gmt":"2024-06-09T07:23:18","slug":"leonardo-drum-kit","status":"publish","type":"product","link":"https:\/\/live-act.pl\/kursy\/produkt\/leonardo-drum-kit\/","title":{"rendered":"Leonardo Drum Kit"},"content":{"rendered":"<p>Paczka sprawdzi si\u0119 do gatunk\u00f3w hip-hop, trap, pop i rnb. Starannie wyselekcjonowane brzmienia wysokiej jako\u015bci. Wsp\u00f3\u0142czesne i mocne sample perkusyjne. Gotowe do u\u017cycia w produkcjach muzycznych. Sample Pack mo\u017cna wykorzystywa\u0107 w komercyjnych projektach.<\/p>\n<p>W sk\u0142ad zestawu wchodz\u0105 102 sample perkusyjne:<\/p>\n<p>21 &#8211; 808<\/p>\n<p>6 &#8211; Bell<\/p>\n<p>5 &#8211; Chants<\/p>\n<p>13 &#8211; Clap<\/p>\n<p>20 &#8211; Hi-hat<\/p>\n<p>4 &#8211; Open-hat<\/p>\n<p>4 &#8211; Kick<\/p>\n<p>16 &#8211; Percs<\/p>\n<p>13 &#8211; Snare<\/p>\n","protected":false},"excerpt":{"rendered":"<p>Paczka sprawdzi si\u0119 do gatunk\u00f3w hip-hop, trap, pop i rnb. Starannie wyselekcjonowane brzmienia wysokiej jako\u015bci. Wsp\u00f3\u0142czesne i mocne sample perkusyjne. &hellip;<\/p>\n","protected":false},"featured_media":34535,"comment_status":"open","ping_status":"closed","template":"","meta":{"_monsterinsights_skip_tracking":false,"_monsterinsights_sitenote_active":false,"_monsterinsights_sitenote_note":"","_monsterinsights_sitenote_category":0,"_vibebp_attr":"","_vibebp_dimensions":"","_vibebp_responsive_height":"","_vibebp_accordion_ie_support":""},"product_cat":[282],"product_tag":[],"yoast_head":"<!-- This site is optimized with the Yoast SEO plugin v18.3 - https:\/\/yoast.com\/wordpress\/plugins\/seo\/ -->\n<title>Leonardo Drum Kit - LiveAct - Idealne Kursy Wideo<\/title>\n<meta name=\"robots\" content=\"index, follow, max-snippet:-1, max-image-preview:large, max-video-preview:-1\" \/>\n<link rel=\"canonical\" href=\"https:\/\/live-act.pl\/kursy\/produkt\/leonardo-drum-kit\/\" \/>\n<meta property=\"og:locale\" content=\"pl_PL\" \/>\n<meta property=\"og:type\" content=\"article\" \/>\n<meta property=\"og:title\" content=\"Leonardo Drum Kit - LiveAct - Idealne Kursy Wideo\" \/>\n<meta property=\"og:description\" content=\"Paczka sprawdzi si\u0119 do gatunk\u00f3w hip-hop, trap, pop i rnb. Starannie wyselekcjonowane brzmienia wysokiej jako\u015bci. Wsp\u00f3\u0142czesne i mocne sample perkusyjne. &hellip;\" \/>\n<meta property=\"og:url\" content=\"https:\/\/live-act.pl\/kursy\/produkt\/leonardo-drum-kit\/\" \/>\n<meta property=\"og:site_name\" content=\"LiveAct - Idealne Kursy Wideo\" \/>\n<meta property=\"article:publisher\" content=\"https:\/\/www.facebook.com\/LiveActpl\/\" \/>\n<meta property=\"article:modified_time\" content=\"2024-06-09T07:23:18+00:00\" \/>\n<meta property=\"og:image\" content=\"https:\/\/live-act.pl\/kursy\/files\/2021\/04\/LEONARDO2.jpg\" \/>\n\t<meta property=\"og:image:width\" content=\"1794\" \/>\n\t<meta property=\"og:image:height\" content=\"1794\" \/>\n\t<meta property=\"og:image:type\" content=\"image\/jpeg\" \/>\n<script type=\"application\/ld+json\" class=\"yoast-schema-graph\">{\"@context\":\"https:\/\/schema.org\",\"@graph\":[{\"@type\":\"WebSite\",\"@id\":\"https:\/\/live-act.pl\/kursy\/#website\",\"url\":\"https:\/\/live-act.pl\/kursy\/\",\"name\":\"LiveAct - Idealne Kursy Wideo\",\"description\":\"LiveAct - Produkcja Muzyki, Kursy Ableton\",\"potentialAction\":[{\"@type\":\"SearchAction\",\"target\":{\"@type\":\"EntryPoint\",\"urlTemplate\":\"https:\/\/live-act.pl\/kursy\/?s={search_term_string}\"},\"query-input\":\"required name=search_term_string\"}],\"inLanguage\":\"pl-PL\"},{\"@type\":\"ImageObject\",\"@id\":\"https:\/\/live-act.pl\/kursy\/produkt\/leonardo-drum-kit\/#primaryimage\",\"inLanguage\":\"pl-PL\",\"url\":\"https:\/\/live-act.pl\/kursy\/files\/2021\/04\/LEONARDO2.jpg\",\"contentUrl\":\"https:\/\/live-act.pl\/kursy\/files\/2021\/04\/LEONARDO2.jpg\",\"width\":1794,\"height\":1794},{\"@type\":\"WebPage\",\"@id\":\"https:\/\/live-act.pl\/kursy\/produkt\/leonardo-drum-kit\/#webpage\",\"url\":\"https:\/\/live-act.pl\/kursy\/produkt\/leonardo-drum-kit\/\",\"name\":\"Leonardo Drum Kit - LiveAct - Idealne Kursy Wideo\",\"isPartOf\":{\"@id\":\"https:\/\/live-act.pl\/kursy\/#website\"},\"primaryImageOfPage\":{\"@id\":\"https:\/\/live-act.pl\/kursy\/produkt\/leonardo-drum-kit\/#primaryimage\"},\"datePublished\":\"2021-04-14T13:09:10+00:00\",\"dateModified\":\"2024-06-09T07:23:18+00:00\",\"breadcrumb\":{\"@id\":\"https:\/\/live-act.pl\/kursy\/produkt\/leonardo-drum-kit\/#breadcrumb\"},\"inLanguage\":\"pl-PL\",\"potentialAction\":[{\"@type\":\"ReadAction\",\"target\":[\"https:\/\/live-act.pl\/kursy\/produkt\/leonardo-drum-kit\/\"]}]},{\"@type\":\"BreadcrumbList\",\"@id\":\"https:\/\/live-act.pl\/kursy\/produkt\/leonardo-drum-kit\/#breadcrumb\",\"itemListElement\":[{\"@type\":\"ListItem\",\"position\":1,\"name\":\"\"},{\"@type\":\"ListItem\",\"position\":2,\"name\":\"Leonardo Drum Kit\"}]}]}<\/script>\n<!-- \/ Yoast SEO plugin. -->","yoast_head_json":{"title":"Leonardo Drum Kit - LiveAct - Idealne Kursy Wideo","robots":{"index":"index","follow":"follow","max-snippet":"max-snippet:-1","max-image-preview":"max-image-preview:large","max-video-preview":"max-video-preview:-1"},"canonical":"https:\/\/live-act.pl\/kursy\/produkt\/leonardo-drum-kit\/","og_locale":"pl_PL","og_type":"article","og_title":"Leonardo Drum Kit - LiveAct - Idealne Kursy Wideo","og_description":"Paczka sprawdzi si\u0119 do gatunk\u00f3w hip-hop, trap, pop i rnb. Starannie wyselekcjonowane brzmienia wysokiej jako\u015bci. Wsp\u00f3\u0142czesne i mocne sample perkusyjne. &hellip;","og_url":"https:\/\/live-act.pl\/kursy\/produkt\/leonardo-drum-kit\/","og_site_name":"LiveAct - Idealne Kursy Wideo","article_publisher":"https:\/\/www.facebook.com\/LiveActpl\/","article_modified_time":"2024-06-09T07:23:18+00:00","og_image":[{"width":1794,"height":1794,"url":"https:\/\/live-act.pl\/kursy\/files\/2021\/04\/LEONARDO2.jpg","type":"image\/jpeg"}],"schema":{"@context":"https:\/\/schema.org","@graph":[{"@type":"WebSite","@id":"https:\/\/live-act.pl\/kursy\/#website","url":"https:\/\/live-act.pl\/kursy\/","name":"LiveAct - Idealne Kursy Wideo","description":"LiveAct - Produkcja Muzyki, Kursy Ableton","potentialAction":[{"@type":"SearchAction","target":{"@type":"EntryPoint","urlTemplate":"https:\/\/live-act.pl\/kursy\/?s={search_term_string}"},"query-input":"required name=search_term_string"}],"inLanguage":"pl-PL"},{"@type":"ImageObject","@id":"https:\/\/live-act.pl\/kursy\/produkt\/leonardo-drum-kit\/#primaryimage","inLanguage":"pl-PL","url":"https:\/\/live-act.pl\/kursy\/files\/2021\/04\/LEONARDO2.jpg","contentUrl":"https:\/\/live-act.pl\/kursy\/files\/2021\/04\/LEONARDO2.jpg","width":1794,"height":1794},{"@type":"WebPage","@id":"https:\/\/live-act.pl\/kursy\/produkt\/leonardo-drum-kit\/#webpage","url":"https:\/\/live-act.pl\/kursy\/produkt\/leonardo-drum-kit\/","name":"Leonardo Drum Kit - LiveAct - Idealne Kursy Wideo","isPartOf":{"@id":"https:\/\/live-act.pl\/kursy\/#website"},"primaryImageOfPage":{"@id":"https:\/\/live-act.pl\/kursy\/produkt\/leonardo-drum-kit\/#primaryimage"},"datePublished":"2021-04-14T13:09:10+00:00","dateModified":"2024-06-09T07:23:18+00:00","breadcrumb":{"@id":"https:\/\/live-act.pl\/kursy\/produkt\/leonardo-drum-kit\/#breadcrumb"},"inLanguage":"pl-PL","potentialAction":[{"@type":"ReadAction","target":["https:\/\/live-act.pl\/kursy\/produkt\/leonardo-drum-kit\/"]}]},{"@type":"BreadcrumbList","@id":"https:\/\/live-act.pl\/kursy\/produkt\/leonardo-drum-kit\/#breadcrumb","itemListElement":[{"@type":"ListItem","position":1,"name":""},{"@type":"ListItem","position":2,"name":"Leonardo Drum Kit"}]}]}},"_links":{"self":[{"href":"https:\/\/live-act.pl\/kursy\/wp-json\/wp\/v2\/product\/34534"}],"collection":[{"href":"https:\/\/live-act.pl\/kursy\/wp-json\/wp\/v2\/product"}],"about":[{"href":"https:\/\/live-act.pl\/kursy\/wp-json\/wp\/v2\/types\/product"}],"replies":[{"embeddable":true,"href":"https:\/\/live-act.pl\/kursy\/wp-json\/wp\/v2\/comments?post=34534"}],"wp:featuredmedia":[{"embeddable":true,"href":"https:\/\/live-act.pl\/kursy\/wp-json\/wp\/v2\/media\/34535"}],"wp:attachment":[{"href":"https:\/\/live-act.pl\/kursy\/wp-json\/wp\/v2\/media?parent=34534"}],"wp:term":[{"taxonomy":"product_cat","embeddable":true,"href":"https:\/\/live-act.pl\/kursy\/wp-json\/wp\/v2\/product_cat?post=34534"},{"taxonomy":"product_tag","embeddable":true,"href":"https:\/\/live-act.pl\/kursy\/wp-json\/wp\/v2\/product_tag?post=34534"}],"curies":[{"name":"wp","href":"https:\/\/api.w.org\/{rel}","templated":true}]}}