{"id":32073,"date":"2020-09-17T19:02:05","date_gmt":"2020-09-17T17:02:05","guid":{"rendered":"https:\/\/live-act.pl\/kursy\/?post_type=product&#038;p=32073"},"modified":"2022-02-25T16:58:41","modified_gmt":"2022-02-25T15:58:41","slug":"808-kingxxc","status":"publish","type":"product","link":"https:\/\/live-act.pl\/kursy\/produkt\/808-kingxxc\/","title":{"rendered":"808 KINGXXC"},"content":{"rendered":"<p>W przyk\u0142adzie u\u017cy\u0142em sample z tej paczki.<\/p>\n<!--[if lt IE 9]><script>document.createElement('audio');<\/script><![endif]-->\n<audio class=\"wp-audio-shortcode\" id=\"audio-32073-1\" preload=\"none\" style=\"width: 100%;\" controls=\"controls\"><source type=\"audio\/mpeg\" src=\"https:\/\/live-act.pl\/kursy\/files\/2020\/09\/124-enzek.mp3?_=1\" \/><a href=\"https:\/\/live-act.pl\/kursy\/files\/2020\/09\/124-enzek.mp3\">https:\/\/live-act.pl\/kursy\/files\/2020\/09\/124-enzek.mp3<\/a><\/audio>\n<p>Dziele si\u0119 z Wami samplami, z kt\u00f3rych sam korzystam. Zestaw sk\u0142ada si\u0119 z 74 wyselekcjonowanych brzmie\u0144 wysokiej jako\u015bci. Znajdziesz tutaj przede wszystkim 808 i Kick, kt\u00f3re \u015bwietnie si\u0119 sprawdz\u0105 w trapie, hip-hopie i popie lub muzyce elektronicznej.<\/p>\n<p>W sk\u0142ad zestawu wchodzi 74 sampli perkusyjnych:<\/p>\n<p>48 \u2013 808<\/p>\n<p>17 \u2013 Kick<\/p>\n<p>3 \u2013 Hi-Hat<\/p>\n<p>1 \u2013 Clap<\/p>\n<p>5 \u2013 Perkusjonalia<\/p>\n","protected":false},"excerpt":{"rendered":"<p>W przyk\u0142adzie u\u017cy\u0142em sample z tej paczki. Dziele si\u0119 z Wami samplami, z kt\u00f3rych sam korzystam. Zestaw sk\u0142ada si\u0119 z &hellip;<\/p>\n","protected":false},"featured_media":32075,"comment_status":"open","ping_status":"closed","template":"","meta":{"_monsterinsights_skip_tracking":false,"_monsterinsights_sitenote_active":false,"_monsterinsights_sitenote_note":"","_monsterinsights_sitenote_category":0,"_vibebp_attr":"","_vibebp_dimensions":"","_vibebp_responsive_height":"","_vibebp_accordion_ie_support":""},"product_cat":[282],"product_tag":[],"yoast_head":"<!-- This site is optimized with the Yoast SEO plugin v18.3 - https:\/\/yoast.com\/wordpress\/plugins\/seo\/ -->\n<title>808 KINGXXC - LiveAct - Idealne Kursy Wideo<\/title>\n<meta name=\"description\" content=\"808 Sample Pack to przede wszystkim 808 i Kick, kt\u00f3re \u015bwietnie si\u0119 sprawdz\u0105 w trapie, hip-hopie i popie lub muzyce elektronicznej.\" \/>\n<meta name=\"robots\" content=\"index, follow, max-snippet:-1, max-image-preview:large, max-video-preview:-1\" \/>\n<link rel=\"canonical\" href=\"https:\/\/live-act.pl\/kursy\/produkt\/808-kingxxc\/\" \/>\n<meta property=\"og:locale\" content=\"pl_PL\" \/>\n<meta property=\"og:type\" content=\"article\" \/>\n<meta property=\"og:title\" content=\"808 KINGXXC - LiveAct - Idealne Kursy Wideo\" \/>\n<meta property=\"og:description\" content=\"808 Sample Pack to przede wszystkim 808 i Kick, kt\u00f3re \u015bwietnie si\u0119 sprawdz\u0105 w trapie, hip-hopie i popie lub muzyce elektronicznej.\" \/>\n<meta property=\"og:url\" content=\"https:\/\/live-act.pl\/kursy\/produkt\/808-kingxxc\/\" \/>\n<meta property=\"og:site_name\" content=\"LiveAct - Idealne Kursy Wideo\" \/>\n<meta property=\"article:publisher\" content=\"https:\/\/www.facebook.com\/LiveActpl\/\" \/>\n<meta property=\"article:modified_time\" content=\"2022-02-25T15:58:41+00:00\" \/>\n<meta property=\"og:image\" content=\"https:\/\/live-act.pl\/kursy\/files\/2020\/09\/podcastliveact.jpg\" \/>\n\t<meta property=\"og:image:width\" content=\"1890\" \/>\n\t<meta property=\"og:image:height\" content=\"1890\" \/>\n\t<meta property=\"og:image:type\" content=\"image\/jpeg\" \/>\n<script type=\"application\/ld+json\" class=\"yoast-schema-graph\">{\"@context\":\"https:\/\/schema.org\",\"@graph\":[{\"@type\":\"WebSite\",\"@id\":\"https:\/\/live-act.pl\/kursy\/#website\",\"url\":\"https:\/\/live-act.pl\/kursy\/\",\"name\":\"LiveAct - Idealne Kursy Wideo\",\"description\":\"LiveAct - Produkcja Muzyki, Kursy Ableton\",\"potentialAction\":[{\"@type\":\"SearchAction\",\"target\":{\"@type\":\"EntryPoint\",\"urlTemplate\":\"https:\/\/live-act.pl\/kursy\/?s={search_term_string}\"},\"query-input\":\"required name=search_term_string\"}],\"inLanguage\":\"pl-PL\"},{\"@type\":\"ImageObject\",\"@id\":\"https:\/\/live-act.pl\/kursy\/produkt\/808-kingxxc\/#primaryimage\",\"inLanguage\":\"pl-PL\",\"url\":\"https:\/\/live-act.pl\/kursy\/files\/2020\/09\/podcastliveact.jpg\",\"contentUrl\":\"https:\/\/live-act.pl\/kursy\/files\/2020\/09\/podcastliveact.jpg\",\"width\":1890,\"height\":1890},{\"@type\":\"WebPage\",\"@id\":\"https:\/\/live-act.pl\/kursy\/produkt\/808-kingxxc\/#webpage\",\"url\":\"https:\/\/live-act.pl\/kursy\/produkt\/808-kingxxc\/\",\"name\":\"808 KINGXXC - LiveAct - Idealne Kursy Wideo\",\"isPartOf\":{\"@id\":\"https:\/\/live-act.pl\/kursy\/#website\"},\"primaryImageOfPage\":{\"@id\":\"https:\/\/live-act.pl\/kursy\/produkt\/808-kingxxc\/#primaryimage\"},\"datePublished\":\"2020-09-17T17:02:05+00:00\",\"dateModified\":\"2022-02-25T15:58:41+00:00\",\"description\":\"808 Sample Pack to przede wszystkim 808 i Kick, kt\u00f3re \u015bwietnie si\u0119 sprawdz\u0105 w trapie, hip-hopie i popie lub muzyce elektronicznej.\",\"breadcrumb\":{\"@id\":\"https:\/\/live-act.pl\/kursy\/produkt\/808-kingxxc\/#breadcrumb\"},\"inLanguage\":\"pl-PL\",\"potentialAction\":[{\"@type\":\"ReadAction\",\"target\":[\"https:\/\/live-act.pl\/kursy\/produkt\/808-kingxxc\/\"]}]},{\"@type\":\"BreadcrumbList\",\"@id\":\"https:\/\/live-act.pl\/kursy\/produkt\/808-kingxxc\/#breadcrumb\",\"itemListElement\":[{\"@type\":\"ListItem\",\"position\":1,\"name\":\"\"},{\"@type\":\"ListItem\",\"position\":2,\"name\":\"808 KINGXXC\"}]}]}<\/script>\n<!-- \/ Yoast SEO plugin. -->","yoast_head_json":{"title":"808 KINGXXC - LiveAct - Idealne Kursy Wideo","description":"808 Sample Pack to przede wszystkim 808 i Kick, kt\u00f3re \u015bwietnie si\u0119 sprawdz\u0105 w trapie, hip-hopie i popie lub muzyce elektronicznej.","robots":{"index":"index","follow":"follow","max-snippet":"max-snippet:-1","max-image-preview":"max-image-preview:large","max-video-preview":"max-video-preview:-1"},"canonical":"https:\/\/live-act.pl\/kursy\/produkt\/808-kingxxc\/","og_locale":"pl_PL","og_type":"article","og_title":"808 KINGXXC - LiveAct - Idealne Kursy Wideo","og_description":"808 Sample Pack to przede wszystkim 808 i Kick, kt\u00f3re \u015bwietnie si\u0119 sprawdz\u0105 w trapie, hip-hopie i popie lub muzyce elektronicznej.","og_url":"https:\/\/live-act.pl\/kursy\/produkt\/808-kingxxc\/","og_site_name":"LiveAct - Idealne Kursy Wideo","article_publisher":"https:\/\/www.facebook.com\/LiveActpl\/","article_modified_time":"2022-02-25T15:58:41+00:00","og_image":[{"width":1890,"height":1890,"url":"https:\/\/live-act.pl\/kursy\/files\/2020\/09\/podcastliveact.jpg","type":"image\/jpeg"}],"schema":{"@context":"https:\/\/schema.org","@graph":[{"@type":"WebSite","@id":"https:\/\/live-act.pl\/kursy\/#website","url":"https:\/\/live-act.pl\/kursy\/","name":"LiveAct - Idealne Kursy Wideo","description":"LiveAct - Produkcja Muzyki, Kursy Ableton","potentialAction":[{"@type":"SearchAction","target":{"@type":"EntryPoint","urlTemplate":"https:\/\/live-act.pl\/kursy\/?s={search_term_string}"},"query-input":"required name=search_term_string"}],"inLanguage":"pl-PL"},{"@type":"ImageObject","@id":"https:\/\/live-act.pl\/kursy\/produkt\/808-kingxxc\/#primaryimage","inLanguage":"pl-PL","url":"https:\/\/live-act.pl\/kursy\/files\/2020\/09\/podcastliveact.jpg","contentUrl":"https:\/\/live-act.pl\/kursy\/files\/2020\/09\/podcastliveact.jpg","width":1890,"height":1890},{"@type":"WebPage","@id":"https:\/\/live-act.pl\/kursy\/produkt\/808-kingxxc\/#webpage","url":"https:\/\/live-act.pl\/kursy\/produkt\/808-kingxxc\/","name":"808 KINGXXC - LiveAct - Idealne Kursy Wideo","isPartOf":{"@id":"https:\/\/live-act.pl\/kursy\/#website"},"primaryImageOfPage":{"@id":"https:\/\/live-act.pl\/kursy\/produkt\/808-kingxxc\/#primaryimage"},"datePublished":"2020-09-17T17:02:05+00:00","dateModified":"2022-02-25T15:58:41+00:00","description":"808 Sample Pack to przede wszystkim 808 i Kick, kt\u00f3re \u015bwietnie si\u0119 sprawdz\u0105 w trapie, hip-hopie i popie lub muzyce elektronicznej.","breadcrumb":{"@id":"https:\/\/live-act.pl\/kursy\/produkt\/808-kingxxc\/#breadcrumb"},"inLanguage":"pl-PL","potentialAction":[{"@type":"ReadAction","target":["https:\/\/live-act.pl\/kursy\/produkt\/808-kingxxc\/"]}]},{"@type":"BreadcrumbList","@id":"https:\/\/live-act.pl\/kursy\/produkt\/808-kingxxc\/#breadcrumb","itemListElement":[{"@type":"ListItem","position":1,"name":""},{"@type":"ListItem","position":2,"name":"808 KINGXXC"}]}]}},"_links":{"self":[{"href":"https:\/\/live-act.pl\/kursy\/wp-json\/wp\/v2\/product\/32073"}],"collection":[{"href":"https:\/\/live-act.pl\/kursy\/wp-json\/wp\/v2\/product"}],"about":[{"href":"https:\/\/live-act.pl\/kursy\/wp-json\/wp\/v2\/types\/product"}],"replies":[{"embeddable":true,"href":"https:\/\/live-act.pl\/kursy\/wp-json\/wp\/v2\/comments?post=32073"}],"wp:featuredmedia":[{"embeddable":true,"href":"https:\/\/live-act.pl\/kursy\/wp-json\/wp\/v2\/media\/32075"}],"wp:attachment":[{"href":"https:\/\/live-act.pl\/kursy\/wp-json\/wp\/v2\/media?parent=32073"}],"wp:term":[{"taxonomy":"product_cat","embeddable":true,"href":"https:\/\/live-act.pl\/kursy\/wp-json\/wp\/v2\/product_cat?post=32073"},{"taxonomy":"product_tag","embeddable":true,"href":"https:\/\/live-act.pl\/kursy\/wp-json\/wp\/v2\/product_tag?post=32073"}],"curies":[{"name":"wp","href":"https:\/\/api.w.org\/{rel}","templated":true}]}}