{"id":29191,"date":"2020-02-12T17:24:56","date_gmt":"2020-02-12T16:24:56","guid":{"rendered":"https:\/\/live-act.pl\/kursy\/?post_type=product&#038;p=29191"},"modified":"2022-02-25T16:59:55","modified_gmt":"2022-02-25T15:59:55","slug":"royal-piano-midi-pack","status":"publish","type":"product","link":"https:\/\/live-act.pl\/kursy\/produkt\/royal-piano-midi-pack\/","title":{"rendered":"Royal Piano MIDI Pack"},"content":{"rendered":"<p>Kilka przyk\u0142ad\u00f3w audio, do kt\u00f3rych wykorzysta\u0142em MIDI z tego zestawu.<\/p>\n<!--[if lt IE 9]><script>document.createElement('audio');<\/script><![endif]-->\n<audio class=\"wp-audio-shortcode\" id=\"audio-29191-1\" preload=\"none\" style=\"width: 100%;\" controls=\"controls\"><source type=\"audio\/mpeg\" src=\"https:\/\/live-act.pl\/kursy\/files\/2020\/02\/Piano-Loops.mp3?_=1\" \/><a href=\"https:\/\/live-act.pl\/kursy\/files\/2020\/02\/Piano-Loops.mp3\">https:\/\/live-act.pl\/kursy\/files\/2020\/02\/Piano-Loops.mp3<\/a><\/audio>\n<p>Starannie wyselekcjonowane MIDI z akordami i melodiami w zr\u00f3\u017cnicowanym stylu zagranymi z r\u0119ki. Zalet\u0105 MIDI jest fakt, \u017ce mo\u017cna je edytowa\u0107 i odtwarza\u0107 na dowolnym instrumencie. \u015awietnie te\u017c\u00a0nadaj\u0105\u00a0si\u0119 do nauki uk\u0142adania d\u017awi\u0119k\u00f3w w Piano Roll. Stanowi\u0105\u00a0\u017ar\u00f3d\u0142o inspiracji i szkielet\u00f3w do budowy w\u0142asnych kompozycji. Pakiet idealnie zabrzmi na wszystkich instrumentach klawiszowych, a przede wszystkim pianinie.<\/p>\n<p>W sk\u0142ad zestawu wchodzi 116 plik\u00f3w MIDI. Zestaw nie zawiera plik\u00f3w audio.<\/p>\n","protected":false},"excerpt":{"rendered":"<p>Kilka przyk\u0142ad\u00f3w audio, do kt\u00f3rych wykorzysta\u0142em MIDI z tego zestawu. Starannie wyselekcjonowane MIDI z akordami i melodiami w zr\u00f3\u017cnicowanym stylu &hellip;<\/p>\n","protected":false},"featured_media":29194,"comment_status":"open","ping_status":"closed","template":"","meta":{"_monsterinsights_skip_tracking":false,"_monsterinsights_sitenote_active":false,"_monsterinsights_sitenote_note":"","_monsterinsights_sitenote_category":0,"_vibebp_attr":"","_vibebp_dimensions":"","_vibebp_responsive_height":"","_vibebp_accordion_ie_support":""},"product_cat":[282],"product_tag":[],"yoast_head":"<!-- This site is optimized with the Yoast SEO plugin v18.3 - https:\/\/yoast.com\/wordpress\/plugins\/seo\/ -->\n<title>Royal Piano MIDI Pack - LiveAct - Idealne Kursy Wideo<\/title>\n<meta name=\"robots\" content=\"index, follow, max-snippet:-1, max-image-preview:large, max-video-preview:-1\" \/>\n<link rel=\"canonical\" href=\"https:\/\/live-act.pl\/kursy\/produkt\/royal-piano-midi-pack\/\" \/>\n<meta property=\"og:locale\" content=\"pl_PL\" \/>\n<meta property=\"og:type\" content=\"article\" \/>\n<meta property=\"og:title\" content=\"Royal Piano MIDI Pack - LiveAct - Idealne Kursy Wideo\" \/>\n<meta property=\"og:description\" content=\"Kilka przyk\u0142ad\u00f3w audio, do kt\u00f3rych wykorzysta\u0142em MIDI z tego zestawu. Starannie wyselekcjonowane MIDI z akordami i melodiami w zr\u00f3\u017cnicowanym stylu &hellip;\" \/>\n<meta property=\"og:url\" content=\"https:\/\/live-act.pl\/kursy\/produkt\/royal-piano-midi-pack\/\" \/>\n<meta property=\"og:site_name\" content=\"LiveAct - Idealne Kursy Wideo\" \/>\n<meta property=\"article:publisher\" content=\"https:\/\/www.facebook.com\/LiveActpl\/\" \/>\n<meta property=\"article:modified_time\" content=\"2022-02-25T15:59:55+00:00\" \/>\n<meta property=\"og:image\" content=\"https:\/\/live-act.pl\/kursy\/files\/2020\/02\/royal-piano-midi.jpg\" \/>\n\t<meta property=\"og:image:width\" content=\"1000\" \/>\n\t<meta property=\"og:image:height\" content=\"1000\" \/>\n\t<meta property=\"og:image:type\" content=\"image\/jpeg\" \/>\n<meta name=\"twitter:label1\" content=\"Szacowany czas czytania\" \/>\n\t<meta name=\"twitter:data1\" content=\"1 minuta\" \/>\n<script type=\"application\/ld+json\" class=\"yoast-schema-graph\">{\"@context\":\"https:\/\/schema.org\",\"@graph\":[{\"@type\":\"WebSite\",\"@id\":\"https:\/\/live-act.pl\/kursy\/#website\",\"url\":\"https:\/\/live-act.pl\/kursy\/\",\"name\":\"LiveAct - Idealne Kursy Wideo\",\"description\":\"LiveAct - Produkcja Muzyki, Kursy Ableton\",\"potentialAction\":[{\"@type\":\"SearchAction\",\"target\":{\"@type\":\"EntryPoint\",\"urlTemplate\":\"https:\/\/live-act.pl\/kursy\/?s={search_term_string}\"},\"query-input\":\"required name=search_term_string\"}],\"inLanguage\":\"pl-PL\"},{\"@type\":\"ImageObject\",\"@id\":\"https:\/\/live-act.pl\/kursy\/produkt\/royal-piano-midi-pack\/#primaryimage\",\"inLanguage\":\"pl-PL\",\"url\":\"https:\/\/live-act.pl\/kursy\/files\/2020\/02\/royal-piano-midi.jpg\",\"contentUrl\":\"https:\/\/live-act.pl\/kursy\/files\/2020\/02\/royal-piano-midi.jpg\",\"width\":1000,\"height\":1000},{\"@type\":\"WebPage\",\"@id\":\"https:\/\/live-act.pl\/kursy\/produkt\/royal-piano-midi-pack\/#webpage\",\"url\":\"https:\/\/live-act.pl\/kursy\/produkt\/royal-piano-midi-pack\/\",\"name\":\"Royal Piano MIDI Pack - LiveAct - Idealne Kursy Wideo\",\"isPartOf\":{\"@id\":\"https:\/\/live-act.pl\/kursy\/#website\"},\"primaryImageOfPage\":{\"@id\":\"https:\/\/live-act.pl\/kursy\/produkt\/royal-piano-midi-pack\/#primaryimage\"},\"datePublished\":\"2020-02-12T16:24:56+00:00\",\"dateModified\":\"2022-02-25T15:59:55+00:00\",\"breadcrumb\":{\"@id\":\"https:\/\/live-act.pl\/kursy\/produkt\/royal-piano-midi-pack\/#breadcrumb\"},\"inLanguage\":\"pl-PL\",\"potentialAction\":[{\"@type\":\"ReadAction\",\"target\":[\"https:\/\/live-act.pl\/kursy\/produkt\/royal-piano-midi-pack\/\"]}]},{\"@type\":\"BreadcrumbList\",\"@id\":\"https:\/\/live-act.pl\/kursy\/produkt\/royal-piano-midi-pack\/#breadcrumb\",\"itemListElement\":[{\"@type\":\"ListItem\",\"position\":1,\"name\":\"\"},{\"@type\":\"ListItem\",\"position\":2,\"name\":\"Royal Piano MIDI Pack\"}]}]}<\/script>\n<!-- \/ Yoast SEO plugin. -->","yoast_head_json":{"title":"Royal Piano MIDI Pack - LiveAct - Idealne Kursy Wideo","robots":{"index":"index","follow":"follow","max-snippet":"max-snippet:-1","max-image-preview":"max-image-preview:large","max-video-preview":"max-video-preview:-1"},"canonical":"https:\/\/live-act.pl\/kursy\/produkt\/royal-piano-midi-pack\/","og_locale":"pl_PL","og_type":"article","og_title":"Royal Piano MIDI Pack - LiveAct - Idealne Kursy Wideo","og_description":"Kilka przyk\u0142ad\u00f3w audio, do kt\u00f3rych wykorzysta\u0142em MIDI z tego zestawu. Starannie wyselekcjonowane MIDI z akordami i melodiami w zr\u00f3\u017cnicowanym stylu &hellip;","og_url":"https:\/\/live-act.pl\/kursy\/produkt\/royal-piano-midi-pack\/","og_site_name":"LiveAct - Idealne Kursy Wideo","article_publisher":"https:\/\/www.facebook.com\/LiveActpl\/","article_modified_time":"2022-02-25T15:59:55+00:00","og_image":[{"width":1000,"height":1000,"url":"https:\/\/live-act.pl\/kursy\/files\/2020\/02\/royal-piano-midi.jpg","type":"image\/jpeg"}],"twitter_misc":{"Szacowany czas czytania":"1 minuta"},"schema":{"@context":"https:\/\/schema.org","@graph":[{"@type":"WebSite","@id":"https:\/\/live-act.pl\/kursy\/#website","url":"https:\/\/live-act.pl\/kursy\/","name":"LiveAct - Idealne Kursy Wideo","description":"LiveAct - Produkcja Muzyki, Kursy Ableton","potentialAction":[{"@type":"SearchAction","target":{"@type":"EntryPoint","urlTemplate":"https:\/\/live-act.pl\/kursy\/?s={search_term_string}"},"query-input":"required name=search_term_string"}],"inLanguage":"pl-PL"},{"@type":"ImageObject","@id":"https:\/\/live-act.pl\/kursy\/produkt\/royal-piano-midi-pack\/#primaryimage","inLanguage":"pl-PL","url":"https:\/\/live-act.pl\/kursy\/files\/2020\/02\/royal-piano-midi.jpg","contentUrl":"https:\/\/live-act.pl\/kursy\/files\/2020\/02\/royal-piano-midi.jpg","width":1000,"height":1000},{"@type":"WebPage","@id":"https:\/\/live-act.pl\/kursy\/produkt\/royal-piano-midi-pack\/#webpage","url":"https:\/\/live-act.pl\/kursy\/produkt\/royal-piano-midi-pack\/","name":"Royal Piano MIDI Pack - LiveAct - Idealne Kursy Wideo","isPartOf":{"@id":"https:\/\/live-act.pl\/kursy\/#website"},"primaryImageOfPage":{"@id":"https:\/\/live-act.pl\/kursy\/produkt\/royal-piano-midi-pack\/#primaryimage"},"datePublished":"2020-02-12T16:24:56+00:00","dateModified":"2022-02-25T15:59:55+00:00","breadcrumb":{"@id":"https:\/\/live-act.pl\/kursy\/produkt\/royal-piano-midi-pack\/#breadcrumb"},"inLanguage":"pl-PL","potentialAction":[{"@type":"ReadAction","target":["https:\/\/live-act.pl\/kursy\/produkt\/royal-piano-midi-pack\/"]}]},{"@type":"BreadcrumbList","@id":"https:\/\/live-act.pl\/kursy\/produkt\/royal-piano-midi-pack\/#breadcrumb","itemListElement":[{"@type":"ListItem","position":1,"name":""},{"@type":"ListItem","position":2,"name":"Royal Piano MIDI Pack"}]}]}},"_links":{"self":[{"href":"https:\/\/live-act.pl\/kursy\/wp-json\/wp\/v2\/product\/29191"}],"collection":[{"href":"https:\/\/live-act.pl\/kursy\/wp-json\/wp\/v2\/product"}],"about":[{"href":"https:\/\/live-act.pl\/kursy\/wp-json\/wp\/v2\/types\/product"}],"replies":[{"embeddable":true,"href":"https:\/\/live-act.pl\/kursy\/wp-json\/wp\/v2\/comments?post=29191"}],"wp:featuredmedia":[{"embeddable":true,"href":"https:\/\/live-act.pl\/kursy\/wp-json\/wp\/v2\/media\/29194"}],"wp:attachment":[{"href":"https:\/\/live-act.pl\/kursy\/wp-json\/wp\/v2\/media?parent=29191"}],"wp:term":[{"taxonomy":"product_cat","embeddable":true,"href":"https:\/\/live-act.pl\/kursy\/wp-json\/wp\/v2\/product_cat?post=29191"},{"taxonomy":"product_tag","embeddable":true,"href":"https:\/\/live-act.pl\/kursy\/wp-json\/wp\/v2\/product_tag?post=29191"}],"curies":[{"name":"wp","href":"https:\/\/api.w.org\/{rel}","templated":true}]}}