{"id":27533,"date":"2019-10-21T20:13:07","date_gmt":"2019-10-21T18:13:07","guid":{"rendered":"https:\/\/live-act.pl\/kursy\/?post_type=product&#038;p=27533"},"modified":"2025-08-04T16:43:28","modified_gmt":"2025-08-04T14:43:28","slug":"mastering-przewodnik-ebook","status":"publish","type":"product","link":"https:\/\/live-act.pl\/kursy\/produkt\/mastering-przewodnik-ebook\/","title":{"rendered":"Mastering Przewodnik eBook + Audiobook"},"content":{"rendered":"<h1>Wymarzone brzmienie\u00a0na wyci\u0105gni\u0119cie r\u0119ki<\/h1>\n<p><strong>Mastering Przewodnik<\/strong>\u00a0pozwoli poprawi\u0107 brzmienie Twoich utwor\u00f3w:<\/p>\n<p><strong>\u3009 Triki i Porady:<\/strong>\u00a0odkryj najlepszy metody i narz\u0119dzia. Zobacz czym kierowa\u0107 si\u0119 podczas ustawiania takich procesor\u00f3w d\u017awi\u0119ku jak kompresor, korektor i limiter. Za ich pomoc\u0105\u00a0uzyskasz g\u0142o\u015bne, sp\u00f3jne i dynamiczne nagranie.<\/p>\n<p><strong>\u3009 Co robi\u0107, a czego nie<\/strong>: zobacz jakich b\u0142\u0119d\u00f3w nie pope\u0142nia\u0107 i na czym si\u0119 skupi\u0107 wykonuj\u0105c mastering.<\/p>\n<p><strong>\u3009 Czytelny i klarowny:<\/strong>\u00a0proste, krok po kroku metody pozwol\u0105 Ci uzyska\u0107 brzmienie, jakiego Ci brakowa\u0142o. Przejrzysta oprawa graficzna sprawia, \u017ce szybko znajdziesz najwa\u017cniejsze informacje.<\/p>\n<p><strong>\u3009 Audiobook:<\/strong> nie masz czasu na czytanie? W takim razie nie ma problemu, Mastering Przewodnik jest te\u017c dost\u0119pny w formie audiobooka.<\/p>\n<p>W pakiecie znajdziesz <b>Audiobooka<\/b><\/p>\n<p>Mo\u017cesz go s\u0142ucha\u0107 na si\u0142owni, w podr\u00f3\u017cy, w komunikacji miejskiej, podczas sprz\u0105tania lub w samochodzie. Od teraz nie masz wym\u00f3wek, \u017ce nie masz czasu!<\/p>\n<p><strong>Liczba stron:<\/strong> 32<\/p>\n<p><strong>Czas trwania audiobooka:<\/strong> 53min<\/p>\n<p>Dost\u0119p do e-book i audiobooka Mastering Przewodnik dostaniesz automatycznie po zaksi\u0119gowaniu wp\u0142aty na koncie. Z regu\u0142y trwa to maksymalnie kilka minut.<\/p>\n","protected":false},"excerpt":{"rendered":"<p>Wymarzone brzmienie\u00a0na wyci\u0105gni\u0119cie r\u0119ki Mastering Przewodnik\u00a0pozwoli poprawi\u0107 brzmienie Twoich utwor\u00f3w: \u3009 Triki i Porady:\u00a0odkryj najlepszy metody i narz\u0119dzia. Zobacz czym &hellip;<\/p>\n","protected":false},"featured_media":27535,"comment_status":"open","ping_status":"closed","template":"","meta":{"_monsterinsights_skip_tracking":false,"_monsterinsights_sitenote_active":false,"_monsterinsights_sitenote_note":"","_monsterinsights_sitenote_category":0,"_vibebp_attr":"","_vibebp_dimensions":"","_vibebp_responsive_height":"","_vibebp_accordion_ie_support":""},"product_cat":[282],"product_tag":[],"yoast_head":"<!-- This site is optimized with the Yoast SEO plugin v18.3 - https:\/\/yoast.com\/wordpress\/plugins\/seo\/ -->\n<title>Mastering Przewodnik eBook + Audiobook - LiveAct - Idealne Kursy Wideo<\/title>\n<meta name=\"robots\" content=\"index, follow, max-snippet:-1, max-image-preview:large, max-video-preview:-1\" \/>\n<link rel=\"canonical\" href=\"https:\/\/live-act.pl\/kursy\/produkt\/mastering-przewodnik-ebook\/\" \/>\n<meta property=\"og:locale\" content=\"pl_PL\" \/>\n<meta property=\"og:type\" content=\"article\" \/>\n<meta property=\"og:title\" content=\"Mastering Przewodnik eBook + Audiobook - LiveAct - Idealne Kursy Wideo\" \/>\n<meta property=\"og:description\" content=\"Wymarzone brzmienie\u00a0na wyci\u0105gni\u0119cie r\u0119ki Mastering Przewodnik\u00a0pozwoli poprawi\u0107 brzmienie Twoich utwor\u00f3w: \u3009 Triki i Porady:\u00a0odkryj najlepszy metody i narz\u0119dzia. Zobacz czym &hellip;\" \/>\n<meta property=\"og:url\" content=\"https:\/\/live-act.pl\/kursy\/produkt\/mastering-przewodnik-ebook\/\" \/>\n<meta property=\"og:site_name\" content=\"LiveAct - Idealne Kursy Wideo\" \/>\n<meta property=\"article:publisher\" content=\"https:\/\/www.facebook.com\/LiveActpl\/\" \/>\n<meta property=\"article:modified_time\" content=\"2025-08-04T14:43:28+00:00\" \/>\n<meta property=\"og:image\" content=\"http:\/\/live-act.pl\/kursy\/files\/2019\/10\/mastering-przewodnik.jpg\" \/>\n\t<meta property=\"og:image:width\" content=\"500\" \/>\n\t<meta property=\"og:image:height\" content=\"500\" \/>\n\t<meta property=\"og:image:type\" content=\"image\/jpeg\" \/>\n<meta name=\"twitter:label1\" content=\"Szacowany czas czytania\" \/>\n\t<meta name=\"twitter:data1\" content=\"1 minuta\" \/>\n<script type=\"application\/ld+json\" class=\"yoast-schema-graph\">{\"@context\":\"https:\/\/schema.org\",\"@graph\":[{\"@type\":\"WebSite\",\"@id\":\"https:\/\/live-act.pl\/kursy\/#website\",\"url\":\"https:\/\/live-act.pl\/kursy\/\",\"name\":\"LiveAct - Idealne Kursy Wideo\",\"description\":\"LiveAct - Produkcja Muzyki, Kursy Ableton\",\"potentialAction\":[{\"@type\":\"SearchAction\",\"target\":{\"@type\":\"EntryPoint\",\"urlTemplate\":\"https:\/\/live-act.pl\/kursy\/?s={search_term_string}\"},\"query-input\":\"required name=search_term_string\"}],\"inLanguage\":\"pl-PL\"},{\"@type\":\"ImageObject\",\"@id\":\"https:\/\/live-act.pl\/kursy\/produkt\/mastering-przewodnik-ebook\/#primaryimage\",\"inLanguage\":\"pl-PL\",\"url\":\"https:\/\/live-act.pl\/kursy\/files\/2019\/10\/mastering-przewodnik.jpg\",\"contentUrl\":\"https:\/\/live-act.pl\/kursy\/files\/2019\/10\/mastering-przewodnik.jpg\",\"width\":500,\"height\":500},{\"@type\":\"WebPage\",\"@id\":\"https:\/\/live-act.pl\/kursy\/produkt\/mastering-przewodnik-ebook\/#webpage\",\"url\":\"https:\/\/live-act.pl\/kursy\/produkt\/mastering-przewodnik-ebook\/\",\"name\":\"Mastering Przewodnik eBook + Audiobook - LiveAct - Idealne Kursy Wideo\",\"isPartOf\":{\"@id\":\"https:\/\/live-act.pl\/kursy\/#website\"},\"primaryImageOfPage\":{\"@id\":\"https:\/\/live-act.pl\/kursy\/produkt\/mastering-przewodnik-ebook\/#primaryimage\"},\"datePublished\":\"2019-10-21T18:13:07+00:00\",\"dateModified\":\"2025-08-04T14:43:28+00:00\",\"breadcrumb\":{\"@id\":\"https:\/\/live-act.pl\/kursy\/produkt\/mastering-przewodnik-ebook\/#breadcrumb\"},\"inLanguage\":\"pl-PL\",\"potentialAction\":[{\"@type\":\"ReadAction\",\"target\":[\"https:\/\/live-act.pl\/kursy\/produkt\/mastering-przewodnik-ebook\/\"]}]},{\"@type\":\"BreadcrumbList\",\"@id\":\"https:\/\/live-act.pl\/kursy\/produkt\/mastering-przewodnik-ebook\/#breadcrumb\",\"itemListElement\":[{\"@type\":\"ListItem\",\"position\":1,\"name\":\"\"},{\"@type\":\"ListItem\",\"position\":2,\"name\":\"Mastering Przewodnik eBook + Audiobook\"}]}]}<\/script>\n<!-- \/ Yoast SEO plugin. -->","yoast_head_json":{"title":"Mastering Przewodnik eBook + Audiobook - LiveAct - Idealne Kursy Wideo","robots":{"index":"index","follow":"follow","max-snippet":"max-snippet:-1","max-image-preview":"max-image-preview:large","max-video-preview":"max-video-preview:-1"},"canonical":"https:\/\/live-act.pl\/kursy\/produkt\/mastering-przewodnik-ebook\/","og_locale":"pl_PL","og_type":"article","og_title":"Mastering Przewodnik eBook + Audiobook - LiveAct - Idealne Kursy Wideo","og_description":"Wymarzone brzmienie\u00a0na wyci\u0105gni\u0119cie r\u0119ki Mastering Przewodnik\u00a0pozwoli poprawi\u0107 brzmienie Twoich utwor\u00f3w: \u3009 Triki i Porady:\u00a0odkryj najlepszy metody i narz\u0119dzia. Zobacz czym &hellip;","og_url":"https:\/\/live-act.pl\/kursy\/produkt\/mastering-przewodnik-ebook\/","og_site_name":"LiveAct - Idealne Kursy Wideo","article_publisher":"https:\/\/www.facebook.com\/LiveActpl\/","article_modified_time":"2025-08-04T14:43:28+00:00","og_image":[{"width":500,"height":500,"url":"http:\/\/live-act.pl\/kursy\/files\/2019\/10\/mastering-przewodnik.jpg","type":"image\/jpeg"}],"twitter_misc":{"Szacowany czas czytania":"1 minuta"},"schema":{"@context":"https:\/\/schema.org","@graph":[{"@type":"WebSite","@id":"https:\/\/live-act.pl\/kursy\/#website","url":"https:\/\/live-act.pl\/kursy\/","name":"LiveAct - Idealne Kursy Wideo","description":"LiveAct - Produkcja Muzyki, Kursy Ableton","potentialAction":[{"@type":"SearchAction","target":{"@type":"EntryPoint","urlTemplate":"https:\/\/live-act.pl\/kursy\/?s={search_term_string}"},"query-input":"required name=search_term_string"}],"inLanguage":"pl-PL"},{"@type":"ImageObject","@id":"https:\/\/live-act.pl\/kursy\/produkt\/mastering-przewodnik-ebook\/#primaryimage","inLanguage":"pl-PL","url":"https:\/\/live-act.pl\/kursy\/files\/2019\/10\/mastering-przewodnik.jpg","contentUrl":"https:\/\/live-act.pl\/kursy\/files\/2019\/10\/mastering-przewodnik.jpg","width":500,"height":500},{"@type":"WebPage","@id":"https:\/\/live-act.pl\/kursy\/produkt\/mastering-przewodnik-ebook\/#webpage","url":"https:\/\/live-act.pl\/kursy\/produkt\/mastering-przewodnik-ebook\/","name":"Mastering Przewodnik eBook + Audiobook - LiveAct - Idealne Kursy Wideo","isPartOf":{"@id":"https:\/\/live-act.pl\/kursy\/#website"},"primaryImageOfPage":{"@id":"https:\/\/live-act.pl\/kursy\/produkt\/mastering-przewodnik-ebook\/#primaryimage"},"datePublished":"2019-10-21T18:13:07+00:00","dateModified":"2025-08-04T14:43:28+00:00","breadcrumb":{"@id":"https:\/\/live-act.pl\/kursy\/produkt\/mastering-przewodnik-ebook\/#breadcrumb"},"inLanguage":"pl-PL","potentialAction":[{"@type":"ReadAction","target":["https:\/\/live-act.pl\/kursy\/produkt\/mastering-przewodnik-ebook\/"]}]},{"@type":"BreadcrumbList","@id":"https:\/\/live-act.pl\/kursy\/produkt\/mastering-przewodnik-ebook\/#breadcrumb","itemListElement":[{"@type":"ListItem","position":1,"name":""},{"@type":"ListItem","position":2,"name":"Mastering Przewodnik eBook + Audiobook"}]}]}},"_links":{"self":[{"href":"https:\/\/live-act.pl\/kursy\/wp-json\/wp\/v2\/product\/27533"}],"collection":[{"href":"https:\/\/live-act.pl\/kursy\/wp-json\/wp\/v2\/product"}],"about":[{"href":"https:\/\/live-act.pl\/kursy\/wp-json\/wp\/v2\/types\/product"}],"replies":[{"embeddable":true,"href":"https:\/\/live-act.pl\/kursy\/wp-json\/wp\/v2\/comments?post=27533"}],"wp:featuredmedia":[{"embeddable":true,"href":"https:\/\/live-act.pl\/kursy\/wp-json\/wp\/v2\/media\/27535"}],"wp:attachment":[{"href":"https:\/\/live-act.pl\/kursy\/wp-json\/wp\/v2\/media?parent=27533"}],"wp:term":[{"taxonomy":"product_cat","embeddable":true,"href":"https:\/\/live-act.pl\/kursy\/wp-json\/wp\/v2\/product_cat?post=27533"},{"taxonomy":"product_tag","embeddable":true,"href":"https:\/\/live-act.pl\/kursy\/wp-json\/wp\/v2\/product_tag?post=27533"}],"curies":[{"name":"wp","href":"https:\/\/api.w.org\/{rel}","templated":true}]}}