{"id":20842,"date":"2017-10-04T19:03:42","date_gmt":"2017-10-04T17:03:42","guid":{"rendered":"http:\/\/live-act.pl\/kursy\/?post_type=product&#038;p=20842"},"modified":"2025-08-04T16:38:04","modified_gmt":"2025-08-04T14:38:04","slug":"moc-akordow-premium","status":"publish","type":"product","link":"https:\/\/live-act.pl\/kursy\/produkt\/moc-akordow-premium\/","title":{"rendered":"Moc Akord\u00f3w &#8211; Premium"},"content":{"rendered":"<h3>Co zrobi\u0107, \u017ceby moje progresje akord\u00f3w nie by\u0142y nudne i wt\u00f3rne? Chc\u0119, \u017ceby by\u0142y rozbudowane. Ci\u0105gle korzystam z tych samych akord\u00f3w. Gdy si\u0119gam po inne d\u017awi\u0119ki, to brzmi to \u017ale. Jak sobie z tym poradzi\u0107?<\/h3>\n<p>To jedno z najcz\u0119stszych pyta\u0144, jakie dostaje na skrzynk\u0119 mailow\u0105. Odpowiadam na nie:<\/p>\n<p><em>\u0106wicz, \u0107wicz i jeszcze raz \u0107wicz, ale z g\u0142ow\u0105, nie na o\u015blep.<\/em><\/p>\n<p>Gdyby pianista przez ca\u0142e \u017cycie uderza\u0142\u00a0na chybi\u0142 trafi\u0142 w klawisze, to latami uczy\u0142by si\u0119 gry na pianinie.\u00a0Nie wykorzysta\u0142by w pe\u0142ni swojego potencja\u0142u. Nawet Beethoven mia\u0142 swojego mentora.<\/p>\n","protected":false},"excerpt":{"rendered":"<p>Co zrobi\u0107, \u017ceby moje progresje akord\u00f3w nie by\u0142y nudne i wt\u00f3rne? Chc\u0119, \u017ceby by\u0142y rozbudowane. Ci\u0105gle korzystam z tych samych &hellip;<\/p>\n","protected":false},"featured_media":20854,"comment_status":"open","ping_status":"closed","template":"","meta":{"_monsterinsights_skip_tracking":false,"_monsterinsights_sitenote_active":false,"_monsterinsights_sitenote_note":"","_monsterinsights_sitenote_category":0,"_vibebp_attr":"","_vibebp_dimensions":"","_vibebp_responsive_height":"","_vibebp_accordion_ie_support":""},"product_cat":[213],"product_tag":[],"yoast_head":"<!-- This site is optimized with the Yoast SEO plugin v18.3 - https:\/\/yoast.com\/wordpress\/plugins\/seo\/ -->\n<title>Moc Akord\u00f3w - Premium - LiveAct - Idealne Kursy Wideo<\/title>\n<meta name=\"robots\" content=\"noindex, follow\" \/>\n<meta property=\"og:locale\" content=\"pl_PL\" \/>\n<meta property=\"og:type\" content=\"article\" \/>\n<meta property=\"og:title\" content=\"Moc Akord\u00f3w - Premium - LiveAct - Idealne Kursy Wideo\" \/>\n<meta property=\"og:description\" content=\"Co zrobi\u0107, \u017ceby moje progresje akord\u00f3w nie by\u0142y nudne i wt\u00f3rne? Chc\u0119, \u017ceby by\u0142y rozbudowane. Ci\u0105gle korzystam z tych samych &hellip;\" \/>\n<meta property=\"og:url\" content=\"https:\/\/live-act.pl\/kursy\/produkt\/moc-akordow-premium\/\" \/>\n<meta property=\"og:site_name\" content=\"LiveAct - Idealne Kursy Wideo\" \/>\n<meta property=\"article:publisher\" content=\"https:\/\/www.facebook.com\/LiveActpl\/\" \/>\n<meta property=\"article:modified_time\" content=\"2025-08-04T14:38:04+00:00\" \/>\n<meta property=\"og:image\" content=\"http:\/\/live-act.pl\/kursy\/files\/2017\/10\/moc-akordow.png\" \/>\n\t<meta property=\"og:image:width\" content=\"526\" \/>\n\t<meta property=\"og:image:height\" content=\"404\" \/>\n\t<meta property=\"og:image:type\" content=\"image\/png\" \/>\n<meta name=\"twitter:label1\" content=\"Szacowany czas czytania\" \/>\n\t<meta name=\"twitter:data1\" content=\"1 minuta\" \/>\n<script type=\"application\/ld+json\" class=\"yoast-schema-graph\">{\"@context\":\"https:\/\/schema.org\",\"@graph\":[{\"@type\":\"WebSite\",\"@id\":\"https:\/\/live-act.pl\/kursy\/#website\",\"url\":\"https:\/\/live-act.pl\/kursy\/\",\"name\":\"LiveAct - Idealne Kursy Wideo\",\"description\":\"LiveAct - Produkcja Muzyki, Kursy Ableton\",\"potentialAction\":[{\"@type\":\"SearchAction\",\"target\":{\"@type\":\"EntryPoint\",\"urlTemplate\":\"https:\/\/live-act.pl\/kursy\/?s={search_term_string}\"},\"query-input\":\"required name=search_term_string\"}],\"inLanguage\":\"pl-PL\"},{\"@type\":\"ImageObject\",\"@id\":\"https:\/\/live-act.pl\/kursy\/produkt\/moc-akordow-premium\/#primaryimage\",\"inLanguage\":\"pl-PL\",\"url\":\"https:\/\/live-act.pl\/kursy\/files\/2017\/10\/moc-akordow.png\",\"contentUrl\":\"https:\/\/live-act.pl\/kursy\/files\/2017\/10\/moc-akordow.png\",\"width\":526,\"height\":404},{\"@type\":\"WebPage\",\"@id\":\"https:\/\/live-act.pl\/kursy\/produkt\/moc-akordow-premium\/#webpage\",\"url\":\"https:\/\/live-act.pl\/kursy\/produkt\/moc-akordow-premium\/\",\"name\":\"Moc Akord\u00f3w - Premium - LiveAct - Idealne Kursy Wideo\",\"isPartOf\":{\"@id\":\"https:\/\/live-act.pl\/kursy\/#website\"},\"primaryImageOfPage\":{\"@id\":\"https:\/\/live-act.pl\/kursy\/produkt\/moc-akordow-premium\/#primaryimage\"},\"datePublished\":\"2017-10-04T17:03:42+00:00\",\"dateModified\":\"2025-08-04T14:38:04+00:00\",\"breadcrumb\":{\"@id\":\"https:\/\/live-act.pl\/kursy\/produkt\/moc-akordow-premium\/#breadcrumb\"},\"inLanguage\":\"pl-PL\",\"potentialAction\":[{\"@type\":\"ReadAction\",\"target\":[\"https:\/\/live-act.pl\/kursy\/produkt\/moc-akordow-premium\/\"]}]},{\"@type\":\"BreadcrumbList\",\"@id\":\"https:\/\/live-act.pl\/kursy\/produkt\/moc-akordow-premium\/#breadcrumb\",\"itemListElement\":[{\"@type\":\"ListItem\",\"position\":1,\"name\":\"\"},{\"@type\":\"ListItem\",\"position\":2,\"name\":\"Moc Akord\u00f3w &#8211; Premium\"}]}]}<\/script>\n<!-- \/ Yoast SEO plugin. -->","yoast_head_json":{"title":"Moc Akord\u00f3w - Premium - LiveAct - Idealne Kursy Wideo","robots":{"index":"noindex","follow":"follow"},"og_locale":"pl_PL","og_type":"article","og_title":"Moc Akord\u00f3w - Premium - LiveAct - Idealne Kursy Wideo","og_description":"Co zrobi\u0107, \u017ceby moje progresje akord\u00f3w nie by\u0142y nudne i wt\u00f3rne? Chc\u0119, \u017ceby by\u0142y rozbudowane. Ci\u0105gle korzystam z tych samych &hellip;","og_url":"https:\/\/live-act.pl\/kursy\/produkt\/moc-akordow-premium\/","og_site_name":"LiveAct - Idealne Kursy Wideo","article_publisher":"https:\/\/www.facebook.com\/LiveActpl\/","article_modified_time":"2025-08-04T14:38:04+00:00","og_image":[{"width":526,"height":404,"url":"http:\/\/live-act.pl\/kursy\/files\/2017\/10\/moc-akordow.png","type":"image\/png"}],"twitter_misc":{"Szacowany czas czytania":"1 minuta"},"schema":{"@context":"https:\/\/schema.org","@graph":[{"@type":"WebSite","@id":"https:\/\/live-act.pl\/kursy\/#website","url":"https:\/\/live-act.pl\/kursy\/","name":"LiveAct - Idealne Kursy Wideo","description":"LiveAct - Produkcja Muzyki, Kursy Ableton","potentialAction":[{"@type":"SearchAction","target":{"@type":"EntryPoint","urlTemplate":"https:\/\/live-act.pl\/kursy\/?s={search_term_string}"},"query-input":"required name=search_term_string"}],"inLanguage":"pl-PL"},{"@type":"ImageObject","@id":"https:\/\/live-act.pl\/kursy\/produkt\/moc-akordow-premium\/#primaryimage","inLanguage":"pl-PL","url":"https:\/\/live-act.pl\/kursy\/files\/2017\/10\/moc-akordow.png","contentUrl":"https:\/\/live-act.pl\/kursy\/files\/2017\/10\/moc-akordow.png","width":526,"height":404},{"@type":"WebPage","@id":"https:\/\/live-act.pl\/kursy\/produkt\/moc-akordow-premium\/#webpage","url":"https:\/\/live-act.pl\/kursy\/produkt\/moc-akordow-premium\/","name":"Moc Akord\u00f3w - Premium - LiveAct - Idealne Kursy Wideo","isPartOf":{"@id":"https:\/\/live-act.pl\/kursy\/#website"},"primaryImageOfPage":{"@id":"https:\/\/live-act.pl\/kursy\/produkt\/moc-akordow-premium\/#primaryimage"},"datePublished":"2017-10-04T17:03:42+00:00","dateModified":"2025-08-04T14:38:04+00:00","breadcrumb":{"@id":"https:\/\/live-act.pl\/kursy\/produkt\/moc-akordow-premium\/#breadcrumb"},"inLanguage":"pl-PL","potentialAction":[{"@type":"ReadAction","target":["https:\/\/live-act.pl\/kursy\/produkt\/moc-akordow-premium\/"]}]},{"@type":"BreadcrumbList","@id":"https:\/\/live-act.pl\/kursy\/produkt\/moc-akordow-premium\/#breadcrumb","itemListElement":[{"@type":"ListItem","position":1,"name":""},{"@type":"ListItem","position":2,"name":"Moc Akord\u00f3w &#8211; Premium"}]}]}},"_links":{"self":[{"href":"https:\/\/live-act.pl\/kursy\/wp-json\/wp\/v2\/product\/20842"}],"collection":[{"href":"https:\/\/live-act.pl\/kursy\/wp-json\/wp\/v2\/product"}],"about":[{"href":"https:\/\/live-act.pl\/kursy\/wp-json\/wp\/v2\/types\/product"}],"replies":[{"embeddable":true,"href":"https:\/\/live-act.pl\/kursy\/wp-json\/wp\/v2\/comments?post=20842"}],"wp:featuredmedia":[{"embeddable":true,"href":"https:\/\/live-act.pl\/kursy\/wp-json\/wp\/v2\/media\/20854"}],"wp:attachment":[{"href":"https:\/\/live-act.pl\/kursy\/wp-json\/wp\/v2\/media?parent=20842"}],"wp:term":[{"taxonomy":"product_cat","embeddable":true,"href":"https:\/\/live-act.pl\/kursy\/wp-json\/wp\/v2\/product_cat?post=20842"},{"taxonomy":"product_tag","embeddable":true,"href":"https:\/\/live-act.pl\/kursy\/wp-json\/wp\/v2\/product_tag?post=20842"}],"curies":[{"name":"wp","href":"https:\/\/api.w.org\/{rel}","templated":true}]}}