{"id":19885,"date":"2017-04-19T00:59:51","date_gmt":"2017-04-18T22:59:51","guid":{"rendered":"http:\/\/live-act.pl\/kursy\/?post_type=product&#038;p=19885"},"modified":"2022-03-25T16:52:39","modified_gmt":"2022-03-25T15:52:39","slug":"mastering-krok-kroku-plus","status":"publish","type":"product","link":"https:\/\/live-act.pl\/kursy\/produkt\/mastering-krok-kroku-plus\/","title":{"rendered":"Mastering Krok po Kroku PLUS"},"content":{"rendered":"<p>Celem masteringu jest nie tylko zwi\u0119kszenie g\u0142o\u015bno\u015bci nagra\u0144 i dostosowanie do wsp\u00f3\u0142czesnych standard\u00f3w brzmieniowych, ale r\u00f3wnie\u017c poprawienie b\u0142\u0119d\u00f3w miksu, takich jak zbyt du\u017ca ilo\u015b\u0107 basu, za cichy wokal lub mu\u0142 w niskich pasmach. Dobrze wykonany mastering powoduje, \u017ce nagranie\u00a0brzmi r\u00f3wnie dobrze na kom\u00f3rce, laptopie, czy drogim audiofilskim zestawie ods\u0142uchowym. To sprawia, \u017ce s\u0142uchacze czerpi\u0105 przyjemno\u015b\u0107 z obcowania z muzyk\u0105 w ka\u017cdym miejscu.<\/p>\n<p>Ka\u017cde profesjonalne nagranie, kt\u00f3re s\u0142yszysz w radiu lub na p\u0142ycie\u00a0CD, poddawane jest masteringowi.<\/p>\n<p>Je\u017celi zaliczasz si\u0119 do grupy, kt\u00f3ra poszukuje dobrego brzmienia w swoich produkcjach, to ten kurs jest kierowany do Ciebie. Znajdziesz w nim wszystko, co powiniene\u015b wiedzie\u0107 o masteringu.<\/p>\n","protected":false},"excerpt":{"rendered":"<p>Celem masteringu jest nie tylko zwi\u0119kszenie g\u0142o\u015bno\u015bci nagra\u0144 i dostosowanie do wsp\u00f3\u0142czesnych standard\u00f3w brzmieniowych, ale r\u00f3wnie\u017c poprawienie b\u0142\u0119d\u00f3w miksu, takich &hellip;<\/p>\n","protected":false},"featured_media":39190,"comment_status":"open","ping_status":"closed","template":"","meta":{"_monsterinsights_skip_tracking":false,"_monsterinsights_sitenote_active":false,"_monsterinsights_sitenote_note":"","_monsterinsights_sitenote_category":0,"_vibebp_attr":"","_vibebp_dimensions":"","_vibebp_responsive_height":"","_vibebp_accordion_ie_support":""},"product_cat":[81],"product_tag":[],"yoast_head":"<!-- This site is optimized with the Yoast SEO plugin v18.3 - https:\/\/yoast.com\/wordpress\/plugins\/seo\/ -->\n<title>Mastering Krok po Kroku PLUS - LiveAct - Idealne Kursy Wideo<\/title>\n<meta name=\"robots\" content=\"noindex, follow\" \/>\n<meta property=\"og:locale\" content=\"pl_PL\" \/>\n<meta property=\"og:type\" content=\"article\" \/>\n<meta property=\"og:title\" content=\"Mastering Krok po Kroku PLUS - LiveAct - Idealne Kursy Wideo\" \/>\n<meta property=\"og:description\" content=\"Celem masteringu jest nie tylko zwi\u0119kszenie g\u0142o\u015bno\u015bci nagra\u0144 i dostosowanie do wsp\u00f3\u0142czesnych standard\u00f3w brzmieniowych, ale r\u00f3wnie\u017c poprawienie b\u0142\u0119d\u00f3w miksu, takich &hellip;\" \/>\n<meta property=\"og:url\" content=\"https:\/\/live-act.pl\/kursy\/produkt\/mastering-krok-kroku-plus\/\" \/>\n<meta property=\"og:site_name\" content=\"LiveAct - Idealne Kursy Wideo\" \/>\n<meta property=\"article:publisher\" content=\"https:\/\/www.facebook.com\/LiveActpl\/\" \/>\n<meta property=\"article:modified_time\" content=\"2022-03-25T15:52:39+00:00\" \/>\n<meta property=\"og:image\" content=\"https:\/\/live-act.pl\/kursy\/files\/2017\/04\/mastering.png\" \/>\n\t<meta property=\"og:image:width\" content=\"526\" \/>\n\t<meta property=\"og:image:height\" content=\"404\" \/>\n\t<meta property=\"og:image:type\" content=\"image\/png\" \/>\n<meta name=\"twitter:label1\" content=\"Szacowany czas czytania\" \/>\n\t<meta name=\"twitter:data1\" content=\"1 minuta\" \/>\n<script type=\"application\/ld+json\" class=\"yoast-schema-graph\">{\"@context\":\"https:\/\/schema.org\",\"@graph\":[{\"@type\":\"WebSite\",\"@id\":\"https:\/\/live-act.pl\/kursy\/#website\",\"url\":\"https:\/\/live-act.pl\/kursy\/\",\"name\":\"LiveAct - Idealne Kursy Wideo\",\"description\":\"LiveAct - Produkcja Muzyki, Kursy Ableton\",\"potentialAction\":[{\"@type\":\"SearchAction\",\"target\":{\"@type\":\"EntryPoint\",\"urlTemplate\":\"https:\/\/live-act.pl\/kursy\/?s={search_term_string}\"},\"query-input\":\"required name=search_term_string\"}],\"inLanguage\":\"pl-PL\"},{\"@type\":\"ImageObject\",\"@id\":\"https:\/\/live-act.pl\/kursy\/produkt\/mastering-krok-kroku-plus\/#primaryimage\",\"inLanguage\":\"pl-PL\",\"url\":\"https:\/\/live-act.pl\/kursy\/files\/2017\/04\/mastering.png\",\"contentUrl\":\"https:\/\/live-act.pl\/kursy\/files\/2017\/04\/mastering.png\",\"width\":526,\"height\":404},{\"@type\":\"WebPage\",\"@id\":\"https:\/\/live-act.pl\/kursy\/produkt\/mastering-krok-kroku-plus\/#webpage\",\"url\":\"https:\/\/live-act.pl\/kursy\/produkt\/mastering-krok-kroku-plus\/\",\"name\":\"Mastering Krok po Kroku PLUS - LiveAct - Idealne Kursy Wideo\",\"isPartOf\":{\"@id\":\"https:\/\/live-act.pl\/kursy\/#website\"},\"primaryImageOfPage\":{\"@id\":\"https:\/\/live-act.pl\/kursy\/produkt\/mastering-krok-kroku-plus\/#primaryimage\"},\"datePublished\":\"2017-04-18T22:59:51+00:00\",\"dateModified\":\"2022-03-25T15:52:39+00:00\",\"breadcrumb\":{\"@id\":\"https:\/\/live-act.pl\/kursy\/produkt\/mastering-krok-kroku-plus\/#breadcrumb\"},\"inLanguage\":\"pl-PL\",\"potentialAction\":[{\"@type\":\"ReadAction\",\"target\":[\"https:\/\/live-act.pl\/kursy\/produkt\/mastering-krok-kroku-plus\/\"]}]},{\"@type\":\"BreadcrumbList\",\"@id\":\"https:\/\/live-act.pl\/kursy\/produkt\/mastering-krok-kroku-plus\/#breadcrumb\",\"itemListElement\":[{\"@type\":\"ListItem\",\"position\":1,\"name\":\"\"},{\"@type\":\"ListItem\",\"position\":2,\"name\":\"Mastering Krok po Kroku PLUS\"}]}]}<\/script>\n<!-- \/ Yoast SEO plugin. -->","yoast_head_json":{"title":"Mastering Krok po Kroku PLUS - LiveAct - Idealne Kursy Wideo","robots":{"index":"noindex","follow":"follow"},"og_locale":"pl_PL","og_type":"article","og_title":"Mastering Krok po Kroku PLUS - LiveAct - Idealne Kursy Wideo","og_description":"Celem masteringu jest nie tylko zwi\u0119kszenie g\u0142o\u015bno\u015bci nagra\u0144 i dostosowanie do wsp\u00f3\u0142czesnych standard\u00f3w brzmieniowych, ale r\u00f3wnie\u017c poprawienie b\u0142\u0119d\u00f3w miksu, takich &hellip;","og_url":"https:\/\/live-act.pl\/kursy\/produkt\/mastering-krok-kroku-plus\/","og_site_name":"LiveAct - Idealne Kursy Wideo","article_publisher":"https:\/\/www.facebook.com\/LiveActpl\/","article_modified_time":"2022-03-25T15:52:39+00:00","og_image":[{"width":526,"height":404,"url":"https:\/\/live-act.pl\/kursy\/files\/2017\/04\/mastering.png","type":"image\/png"}],"twitter_misc":{"Szacowany czas czytania":"1 minuta"},"schema":{"@context":"https:\/\/schema.org","@graph":[{"@type":"WebSite","@id":"https:\/\/live-act.pl\/kursy\/#website","url":"https:\/\/live-act.pl\/kursy\/","name":"LiveAct - Idealne Kursy Wideo","description":"LiveAct - Produkcja Muzyki, Kursy Ableton","potentialAction":[{"@type":"SearchAction","target":{"@type":"EntryPoint","urlTemplate":"https:\/\/live-act.pl\/kursy\/?s={search_term_string}"},"query-input":"required name=search_term_string"}],"inLanguage":"pl-PL"},{"@type":"ImageObject","@id":"https:\/\/live-act.pl\/kursy\/produkt\/mastering-krok-kroku-plus\/#primaryimage","inLanguage":"pl-PL","url":"https:\/\/live-act.pl\/kursy\/files\/2017\/04\/mastering.png","contentUrl":"https:\/\/live-act.pl\/kursy\/files\/2017\/04\/mastering.png","width":526,"height":404},{"@type":"WebPage","@id":"https:\/\/live-act.pl\/kursy\/produkt\/mastering-krok-kroku-plus\/#webpage","url":"https:\/\/live-act.pl\/kursy\/produkt\/mastering-krok-kroku-plus\/","name":"Mastering Krok po Kroku PLUS - LiveAct - Idealne Kursy Wideo","isPartOf":{"@id":"https:\/\/live-act.pl\/kursy\/#website"},"primaryImageOfPage":{"@id":"https:\/\/live-act.pl\/kursy\/produkt\/mastering-krok-kroku-plus\/#primaryimage"},"datePublished":"2017-04-18T22:59:51+00:00","dateModified":"2022-03-25T15:52:39+00:00","breadcrumb":{"@id":"https:\/\/live-act.pl\/kursy\/produkt\/mastering-krok-kroku-plus\/#breadcrumb"},"inLanguage":"pl-PL","potentialAction":[{"@type":"ReadAction","target":["https:\/\/live-act.pl\/kursy\/produkt\/mastering-krok-kroku-plus\/"]}]},{"@type":"BreadcrumbList","@id":"https:\/\/live-act.pl\/kursy\/produkt\/mastering-krok-kroku-plus\/#breadcrumb","itemListElement":[{"@type":"ListItem","position":1,"name":""},{"@type":"ListItem","position":2,"name":"Mastering Krok po Kroku PLUS"}]}]}},"_links":{"self":[{"href":"https:\/\/live-act.pl\/kursy\/wp-json\/wp\/v2\/product\/19885"}],"collection":[{"href":"https:\/\/live-act.pl\/kursy\/wp-json\/wp\/v2\/product"}],"about":[{"href":"https:\/\/live-act.pl\/kursy\/wp-json\/wp\/v2\/types\/product"}],"replies":[{"embeddable":true,"href":"https:\/\/live-act.pl\/kursy\/wp-json\/wp\/v2\/comments?post=19885"}],"wp:featuredmedia":[{"embeddable":true,"href":"https:\/\/live-act.pl\/kursy\/wp-json\/wp\/v2\/media\/39190"}],"wp:attachment":[{"href":"https:\/\/live-act.pl\/kursy\/wp-json\/wp\/v2\/media?parent=19885"}],"wp:term":[{"taxonomy":"product_cat","embeddable":true,"href":"https:\/\/live-act.pl\/kursy\/wp-json\/wp\/v2\/product_cat?post=19885"},{"taxonomy":"product_tag","embeddable":true,"href":"https:\/\/live-act.pl\/kursy\/wp-json\/wp\/v2\/product_tag?post=19885"}],"curies":[{"name":"wp","href":"https:\/\/api.w.org\/{rel}","templated":true}]}}